{"id":3283,"date":"2026-03-20T20:17:52","date_gmt":"2026-03-20T20:17:52","guid":{"rendered":"https:\/\/rotassaotome.com\/?post_type=product&#038;p=3283"},"modified":"2026-04-05T08:46:46","modified_gmt":"2026-04-05T08:46:46","slug":"toyota-2","status":"publish","type":"product","link":"https:\/\/rotassaotome.com\/en\/product\/toyota-2\/","title":{"rendered":"Toyota Rav4"},"content":{"rendered":"<p>A modern and efficient SUV, ideal for comfortable and economical journeys. It combines technology, safety and smooth driving, providing a tranquil and enjoyable experience when exploring S\u00e3o Tom\u00e9.<\/p>","protected":false},"excerpt":{"rendered":"<h4 data-section-id=\"b1vi8t\" data-start=\"74\" data-end=\"94\">About the vehicle<\/h4>\n<ul>\n<li>Modern, spacious, and air-conditioned interior, perfect for any trip.<\/li>\n<li>Manual transmission for smooth and effortless driving.<\/li>\n<li>Balanced suspension for comfort and stability on any terrain.<\/li>\n<li>Toyota Safety Sense advanced safety systems<\/li>\n<li>Smooth and precise steering, ideal for city and highway driving.<\/li>\n<li>All-wheel drive (AWD) available for greater control and safety.<\/li>\n<\/ul>\n<p>&nbsp;<\/p>","protected":false},"featured_media":3677,"template":"","meta":{"content-type":"","site-sidebar-layout":"default","site-content-layout":"","ast-site-content-layout":"default","site-content-style":"default","site-sidebar-style":"default","ast-global-header-display":"","ast-banner-title-visibility":"","ast-main-header-display":"","ast-hfb-above-header-display":"","ast-hfb-below-header-display":"","ast-hfb-mobile-header-display":"","site-post-title":"","ast-breadcrumbs-content":"","ast-featured-img":"","footer-sml-layout":"","ast-disable-related-posts":"","theme-transparent-header-meta":"default","adv-header-id-meta":"","stick-header-meta":"","header-above-stick-meta":"","header-main-stick-meta":"","header-below-stick-meta":"","astra-migrate-meta-layouts":"set","ast-page-background-enabled":"default","ast-page-background-meta":{"desktop":{"background-color":"var(--ast-global-color-5)","background-image":"","background-repeat":"repeat","background-position":"center center","background-size":"auto","background-attachment":"scroll","background-type":"","background-media":"","overlay-type":"","overlay-color":"","overlay-opacity":"","overlay-gradient":""},"tablet":{"background-color":"","background-image":"","background-repeat":"repeat","background-position":"center center","background-size":"auto","background-attachment":"scroll","background-type":"","background-media":"","overlay-type":"","overlay-color":"","overlay-opacity":"","overlay-gradient":""},"mobile":{"background-color":"","background-image":"","background-repeat":"repeat","background-position":"center center","background-size":"auto","background-attachment":"scroll","background-type":"","background-media":"","overlay-type":"","overlay-color":"","overlay-opacity":"","overlay-gradient":""}},"ast-content-background-meta":{"desktop":{"background-color":"var(--ast-global-color-4)","background-image":"","background-repeat":"repeat","background-position":"center center","background-size":"auto","background-attachment":"scroll","background-type":"","background-media":"","overlay-type":"","overlay-color":"","overlay-opacity":"","overlay-gradient":""},"tablet":{"background-color":"var(--ast-global-color-4)","background-image":"","background-repeat":"repeat","background-position":"center center","background-size":"auto","background-attachment":"scroll","background-type":"","background-media":"","overlay-type":"","overlay-color":"","overlay-opacity":"","overlay-gradient":""},"mobile":{"background-color":"var(--ast-global-color-4)","background-image":"","background-repeat":"repeat","background-position":"center center","background-size":"auto","background-attachment":"scroll","background-type":"","background-media":"","overlay-type":"","overlay-color":"","overlay-opacity":"","overlay-gradient":""}}},"product_brand":[],"product_cat":[200,20],"product_tag":[],"mwb_booking_cost":[],"mwb_booking_service":[],"class_list":{"0":"post-3283","1":"product","2":"type-product","3":"status-publish","4":"has-post-thumbnail","6":"product_cat-booking","7":"product_cat-excursoes","8":"desktop-align-left","9":"tablet-align-left","10":"mobile-align-left","12":"first","13":"instock","14":"virtual","15":"purchasable","16":"product-type-mwb_booking"},"yoast_head":"<!-- This site is optimized with the Yoast SEO plugin v27.4 - https:\/\/yoast.com\/product\/yoast-seo-wordpress\/ -->\n<title>Toyota Rav4 -<\/title>\n<meta name=\"robots\" content=\"index, follow, max-snippet:-1, max-image-preview:large, max-video-preview:-1\" \/>\n<link rel=\"canonical\" href=\"https:\/\/rotassaotome.com\/en\/product\/toyota-2\/\" \/>\n<meta property=\"og:locale\" content=\"en_GB\" \/>\n<meta property=\"og:type\" content=\"article\" \/>\n<meta property=\"og:title\" content=\"Toyota Rav4 -\" \/>\n<meta property=\"og:description\" content=\"Sobre a viatura   Interior moderno, espa\u00e7oso e climatizado, perfeito para qualquer viagem  Caixa manual para uma condu\u00e7\u00e3o suave e sem esfor\u00e7o  Suspens\u00e3o equilibrada para conforto e estabilidade em qualquer terreno  Sistemas avan\u00e7ados de seguran\u00e7a Toyota Safety Sense  Dire\u00e7\u00e3o suave e precisa, ideal para cidade e estrada  Tra\u00e7\u00e3o integral (AWD) dispon\u00edvel para maior controlo e seguran\u00e7a  &nbsp;\" \/>\n<meta property=\"og:url\" content=\"https:\/\/rotassaotome.com\/en\/product\/toyota-2\/\" \/>\n<meta property=\"article:publisher\" content=\"https:\/\/www.facebook.com\/profile.php?id=61575790288601\" \/>\n<meta property=\"article:modified_time\" content=\"2026-04-05T08:46:46+00:00\" \/>\n<meta property=\"og:image\" content=\"https:\/\/rotassaotome.com\/wp-content\/uploads\/2026\/03\/Toyota-Rav4-1024x683.png\" \/>\n\t<meta property=\"og:image:width\" content=\"1024\" \/>\n\t<meta property=\"og:image:height\" content=\"683\" \/>\n\t<meta property=\"og:image:type\" content=\"image\/png\" \/>\n<meta name=\"twitter:card\" content=\"summary_large_image\" \/>\n<meta name=\"twitter:label1\" content=\"Estimated reading time\" \/>\n\t<meta name=\"twitter:data1\" content=\"1 minute\" \/>\n<script type=\"application\/ld+json\" class=\"yoast-schema-graph\">{\"@context\":\"https:\\\/\\\/schema.org\",\"@graph\":[{\"@type\":\"WebPage\",\"@id\":\"https:\\\/\\\/rotassaotome.com\\\/produto\\\/toyota-2\\\/\",\"url\":\"https:\\\/\\\/rotassaotome.com\\\/produto\\\/toyota-2\\\/\",\"name\":\"Toyota Rav4 -\",\"isPartOf\":{\"@id\":\"https:\\\/\\\/rotassaotome.com\\\/#website\"},\"primaryImageOfPage\":{\"@id\":\"https:\\\/\\\/rotassaotome.com\\\/produto\\\/toyota-2\\\/#primaryimage\"},\"image\":{\"@id\":\"https:\\\/\\\/rotassaotome.com\\\/produto\\\/toyota-2\\\/#primaryimage\"},\"thumbnailUrl\":\"https:\\\/\\\/rotassaotome.com\\\/wp-content\\\/uploads\\\/2026\\\/03\\\/Toyota-Rav4-scaled.png\",\"datePublished\":\"2026-03-20T20:17:52+00:00\",\"dateModified\":\"2026-04-05T08:46:46+00:00\",\"breadcrumb\":{\"@id\":\"https:\\\/\\\/rotassaotome.com\\\/produto\\\/toyota-2\\\/#breadcrumb\"},\"inLanguage\":\"en-GB\",\"potentialAction\":[{\"@type\":\"ReadAction\",\"target\":[\"https:\\\/\\\/rotassaotome.com\\\/produto\\\/toyota-2\\\/\"]}]},{\"@type\":\"ImageObject\",\"inLanguage\":\"en-GB\",\"@id\":\"https:\\\/\\\/rotassaotome.com\\\/produto\\\/toyota-2\\\/#primaryimage\",\"url\":\"https:\\\/\\\/rotassaotome.com\\\/wp-content\\\/uploads\\\/2026\\\/03\\\/Toyota-Rav4-scaled.png\",\"contentUrl\":\"https:\\\/\\\/rotassaotome.com\\\/wp-content\\\/uploads\\\/2026\\\/03\\\/Toyota-Rav4-scaled.png\",\"width\":2560,\"height\":1707},{\"@type\":\"BreadcrumbList\",\"@id\":\"https:\\\/\\\/rotassaotome.com\\\/produto\\\/toyota-2\\\/#breadcrumb\",\"itemListElement\":[{\"@type\":\"ListItem\",\"position\":1,\"name\":\"In\u00edcio\",\"item\":\"https:\\\/\\\/rotassaotome.com\\\/\"},{\"@type\":\"ListItem\",\"position\":2,\"name\":\"All products\",\"item\":\"https:\\\/\\\/rotassaotome.com\\\/all-products\\\/\"},{\"@type\":\"ListItem\",\"position\":3,\"name\":\"Toyota Rav4\"}]},{\"@type\":\"WebSite\",\"@id\":\"https:\\\/\\\/rotassaotome.com\\\/#website\",\"url\":\"https:\\\/\\\/rotassaotome.com\\\/\",\"name\":\"Rotas S\u00e3o Tom\u00e9\",\"description\":\"\",\"publisher\":{\"@id\":\"https:\\\/\\\/rotassaotome.com\\\/#organization\"},\"alternateName\":\"S\u00e3o Tom\u00e9 e Pr\u00edncipe\",\"potentialAction\":[{\"@type\":\"SearchAction\",\"target\":{\"@type\":\"EntryPoint\",\"urlTemplate\":\"https:\\\/\\\/rotassaotome.com\\\/?s={search_term_string}\"},\"query-input\":{\"@type\":\"PropertyValueSpecification\",\"valueRequired\":true,\"valueName\":\"search_term_string\"}}],\"inLanguage\":\"en-GB\"},{\"@type\":\"Organization\",\"@id\":\"https:\\\/\\\/rotassaotome.com\\\/#organization\",\"name\":\"Rotas S\u00e3o Tom\u00e9\",\"url\":\"https:\\\/\\\/rotassaotome.com\\\/\",\"logo\":{\"@type\":\"ImageObject\",\"inLanguage\":\"en-GB\",\"@id\":\"https:\\\/\\\/rotassaotome.com\\\/#\\\/schema\\\/logo\\\/image\\\/\",\"url\":\"https:\\\/\\\/rotassaotome.com\\\/wp-content\\\/uploads\\\/2026\\\/03\\\/cropped-Site-logo-Rotas-Sao-Tome-1.png\",\"contentUrl\":\"https:\\\/\\\/rotassaotome.com\\\/wp-content\\\/uploads\\\/2026\\\/03\\\/cropped-Site-logo-Rotas-Sao-Tome-1.png\",\"width\":512,\"height\":512,\"caption\":\"Rotas S\u00e3o Tom\u00e9\"},\"image\":{\"@id\":\"https:\\\/\\\/rotassaotome.com\\\/#\\\/schema\\\/logo\\\/image\\\/\"},\"sameAs\":[\"https:\\\/\\\/www.facebook.com\\\/profile.php?id=61575790288601\"]}]}<\/script>\n<!-- \/ Yoast SEO plugin. -->","yoast_head_json":{"title":"Toyota Rav4 -","robots":{"index":"index","follow":"follow","max-snippet":"max-snippet:-1","max-image-preview":"max-image-preview:large","max-video-preview":"max-video-preview:-1"},"canonical":"https:\/\/rotassaotome.com\/en\/product\/toyota-2\/","og_locale":"en_GB","og_type":"article","og_title":"Toyota Rav4 -","og_description":"Sobre a viatura   Interior moderno, espa\u00e7oso e climatizado, perfeito para qualquer viagem  Caixa manual para uma condu\u00e7\u00e3o suave e sem esfor\u00e7o  Suspens\u00e3o equilibrada para conforto e estabilidade em qualquer terreno  Sistemas avan\u00e7ados de seguran\u00e7a Toyota Safety Sense  Dire\u00e7\u00e3o suave e precisa, ideal para cidade e estrada  Tra\u00e7\u00e3o integral (AWD) dispon\u00edvel para maior controlo e seguran\u00e7a  &nbsp;","og_url":"https:\/\/rotassaotome.com\/en\/product\/toyota-2\/","article_publisher":"https:\/\/www.facebook.com\/profile.php?id=61575790288601","article_modified_time":"2026-04-05T08:46:46+00:00","og_image":[{"width":1024,"height":683,"url":"https:\/\/rotassaotome.com\/wp-content\/uploads\/2026\/03\/Toyota-Rav4-1024x683.png","type":"image\/png"}],"twitter_card":"summary_large_image","twitter_misc":{"Estimated reading time":"1 minute"},"schema":{"@context":"https:\/\/schema.org","@graph":[{"@type":"WebPage","@id":"https:\/\/rotassaotome.com\/produto\/toyota-2\/","url":"https:\/\/rotassaotome.com\/produto\/toyota-2\/","name":"Toyota Rav4 -","isPartOf":{"@id":"https:\/\/rotassaotome.com\/#website"},"primaryImageOfPage":{"@id":"https:\/\/rotassaotome.com\/produto\/toyota-2\/#primaryimage"},"image":{"@id":"https:\/\/rotassaotome.com\/produto\/toyota-2\/#primaryimage"},"thumbnailUrl":"https:\/\/rotassaotome.com\/wp-content\/uploads\/2026\/03\/Toyota-Rav4-scaled.png","datePublished":"2026-03-20T20:17:52+00:00","dateModified":"2026-04-05T08:46:46+00:00","breadcrumb":{"@id":"https:\/\/rotassaotome.com\/produto\/toyota-2\/#breadcrumb"},"inLanguage":"en-GB","potentialAction":[{"@type":"ReadAction","target":["https:\/\/rotassaotome.com\/produto\/toyota-2\/"]}]},{"@type":"ImageObject","inLanguage":"en-GB","@id":"https:\/\/rotassaotome.com\/produto\/toyota-2\/#primaryimage","url":"https:\/\/rotassaotome.com\/wp-content\/uploads\/2026\/03\/Toyota-Rav4-scaled.png","contentUrl":"https:\/\/rotassaotome.com\/wp-content\/uploads\/2026\/03\/Toyota-Rav4-scaled.png","width":2560,"height":1707},{"@type":"BreadcrumbList","@id":"https:\/\/rotassaotome.com\/produto\/toyota-2\/#breadcrumb","itemListElement":[{"@type":"ListItem","position":1,"name":"In\u00edcio","item":"https:\/\/rotassaotome.com\/"},{"@type":"ListItem","position":2,"name":"All products","item":"https:\/\/rotassaotome.com\/all-products\/"},{"@type":"ListItem","position":3,"name":"Toyota Rav4"}]},{"@type":"WebSite","@id":"https:\/\/rotassaotome.com\/#website","url":"https:\/\/rotassaotome.com\/","name":"Rotas S\u00e3o Tom\u00e9","description":"","publisher":{"@id":"https:\/\/rotassaotome.com\/#organization"},"alternateName":"S\u00e3o Tom\u00e9 e Pr\u00edncipe","potentialAction":[{"@type":"SearchAction","target":{"@type":"EntryPoint","urlTemplate":"https:\/\/rotassaotome.com\/?s={search_term_string}"},"query-input":{"@type":"PropertyValueSpecification","valueRequired":true,"valueName":"search_term_string"}}],"inLanguage":"en-GB"},{"@type":"Organization","@id":"https:\/\/rotassaotome.com\/#organization","name":"Rotas S\u00e3o Tom\u00e9","url":"https:\/\/rotassaotome.com\/","logo":{"@type":"ImageObject","inLanguage":"en-GB","@id":"https:\/\/rotassaotome.com\/#\/schema\/logo\/image\/","url":"https:\/\/rotassaotome.com\/wp-content\/uploads\/2026\/03\/cropped-Site-logo-Rotas-Sao-Tome-1.png","contentUrl":"https:\/\/rotassaotome.com\/wp-content\/uploads\/2026\/03\/cropped-Site-logo-Rotas-Sao-Tome-1.png","width":512,"height":512,"caption":"Rotas S\u00e3o Tom\u00e9"},"image":{"@id":"https:\/\/rotassaotome.com\/#\/schema\/logo\/image\/"},"sameAs":["https:\/\/www.facebook.com\/profile.php?id=61575790288601"]}]}},"_links":{"self":[{"href":"https:\/\/rotassaotome.com\/en\/wp-json\/wp\/v2\/product\/3283","targetHints":{"allow":["GET"]}}],"collection":[{"href":"https:\/\/rotassaotome.com\/en\/wp-json\/wp\/v2\/product"}],"about":[{"href":"https:\/\/rotassaotome.com\/en\/wp-json\/wp\/v2\/types\/product"}],"wp:featuredmedia":[{"embeddable":true,"href":"https:\/\/rotassaotome.com\/en\/wp-json\/wp\/v2\/media\/3677"}],"wp:attachment":[{"href":"https:\/\/rotassaotome.com\/en\/wp-json\/wp\/v2\/media?parent=3283"}],"wp:term":[{"taxonomy":"product_brand","embeddable":true,"href":"https:\/\/rotassaotome.com\/en\/wp-json\/wp\/v2\/product_brand?post=3283"},{"taxonomy":"product_cat","embeddable":true,"href":"https:\/\/rotassaotome.com\/en\/wp-json\/wp\/v2\/product_cat?post=3283"},{"taxonomy":"product_tag","embeddable":true,"href":"https:\/\/rotassaotome.com\/en\/wp-json\/wp\/v2\/product_tag?post=3283"},{"taxonomy":"mwb_booking_cost","embeddable":true,"href":"https:\/\/rotassaotome.com\/en\/wp-json\/wp\/v2\/mwb_booking_cost?post=3283"},{"taxonomy":"mwb_booking_service","embeddable":true,"href":"https:\/\/rotassaotome.com\/en\/wp-json\/wp\/v2\/mwb_booking_service?post=3283"}],"curies":[{"name":"wp","href":"https:\/\/api.w.org\/{rel}","templated":true}]}}