{"id":3276,"date":"2026-03-20T20:00:27","date_gmt":"2026-03-20T20:00:27","guid":{"rendered":"https:\/\/rotassaotome.com\/?post_type=product&#038;p=3276"},"modified":"2026-04-04T07:34:18","modified_gmt":"2026-04-04T07:34:18","slug":"suzuki-jimny-verde-5-portas","status":"publish","type":"product","link":"https:\/\/rotassaotome.com\/en\/product\/suzuki-jimny-verde-5-portas\/","title":{"rendered":"Suzuki Jimny 5 Doors"},"content":{"rendered":"<p>Toda a capacidade off-road do Jimny, agora com mais espa\u00e7o e comodidade. A vers\u00e3o de 5 portas \u00e9 ideal para quem quer explorar S\u00e3o Tom\u00e9 com maior conforto para os passageiros e mais facilidade de acesso.<\/p>","protected":false},"excerpt":{"rendered":"<h4 data-section-id=\"b1vi8t\" data-start=\"74\" data-end=\"94\">About the vehicle<\/h4>\n<ul>\n<li class=\"whitespace-normal break-words pl-2\">ALLGRIP PRO 4x4 traction for maximum control on difficult terrain.<\/li>\n<li class=\"whitespace-normal break-words pl-2\">Compact and agile, ideal for narrow trails and difficult-to-access paths.<\/li>\n<li class=\"whitespace-normal break-words pl-2\">Gasoline engine with manual gearbox for an engaging driving experience.<\/li>\n<li class=\"whitespace-normal break-words pl-2\">4 to 5 seats with easier access thanks to the 5 doors.<\/li>\n<li class=\"whitespace-normal break-words pl-2\">Robust construction in a surprisingly maneuverable form.<\/li>\n<\/ul>","protected":false},"featured_media":3697,"template":"","meta":{"content-type":"","site-sidebar-layout":"default","site-content-layout":"","ast-site-content-layout":"default","site-content-style":"default","site-sidebar-style":"default","ast-global-header-display":"","ast-banner-title-visibility":"","ast-main-header-display":"","ast-hfb-above-header-display":"","ast-hfb-below-header-display":"","ast-hfb-mobile-header-display":"","site-post-title":"","ast-breadcrumbs-content":"","ast-featured-img":"","footer-sml-layout":"","ast-disable-related-posts":"","theme-transparent-header-meta":"default","adv-header-id-meta":"","stick-header-meta":"","header-above-stick-meta":"","header-main-stick-meta":"","header-below-stick-meta":"","astra-migrate-meta-layouts":"set","ast-page-background-enabled":"default","ast-page-background-meta":{"desktop":{"background-color":"var(--ast-global-color-5)","background-image":"","background-repeat":"repeat","background-position":"center center","background-size":"auto","background-attachment":"scroll","background-type":"","background-media":"","overlay-type":"","overlay-color":"","overlay-opacity":"","overlay-gradient":""},"tablet":{"background-color":"","background-image":"","background-repeat":"repeat","background-position":"center center","background-size":"auto","background-attachment":"scroll","background-type":"","background-media":"","overlay-type":"","overlay-color":"","overlay-opacity":"","overlay-gradient":""},"mobile":{"background-color":"","background-image":"","background-repeat":"repeat","background-position":"center center","background-size":"auto","background-attachment":"scroll","background-type":"","background-media":"","overlay-type":"","overlay-color":"","overlay-opacity":"","overlay-gradient":""}},"ast-content-background-meta":{"desktop":{"background-color":"var(--ast-global-color-4)","background-image":"","background-repeat":"repeat","background-position":"center center","background-size":"auto","background-attachment":"scroll","background-type":"","background-media":"","overlay-type":"","overlay-color":"","overlay-opacity":"","overlay-gradient":""},"tablet":{"background-color":"var(--ast-global-color-4)","background-image":"","background-repeat":"repeat","background-position":"center center","background-size":"auto","background-attachment":"scroll","background-type":"","background-media":"","overlay-type":"","overlay-color":"","overlay-opacity":"","overlay-gradient":""},"mobile":{"background-color":"var(--ast-global-color-4)","background-image":"","background-repeat":"repeat","background-position":"center center","background-size":"auto","background-attachment":"scroll","background-type":"","background-media":"","overlay-type":"","overlay-color":"","overlay-opacity":"","overlay-gradient":""}}},"product_brand":[],"product_cat":[200,201],"product_tag":[],"mwb_booking_cost":[],"mwb_booking_service":[],"class_list":{"0":"post-3276","1":"product","2":"type-product","3":"status-publish","4":"has-post-thumbnail","6":"product_cat-booking","7":"product_cat-viaturas","8":"desktop-align-left","9":"tablet-align-left","10":"mobile-align-left","12":"first","13":"instock","14":"virtual","15":"purchasable","16":"product-type-mwb_booking"},"yoast_head":"<!-- This site is optimized with the Yoast SEO plugin v27.4 - https:\/\/yoast.com\/product\/yoast-seo-wordpress\/ -->\n<title>Suzuki Jimny 5 Portas -<\/title>\n<meta name=\"robots\" content=\"index, follow, max-snippet:-1, max-image-preview:large, max-video-preview:-1\" \/>\n<link rel=\"canonical\" href=\"https:\/\/rotassaotome.com\/en\/product\/suzuki-jimny-verde-5-portas\/\" \/>\n<meta property=\"og:locale\" content=\"en_GB\" \/>\n<meta property=\"og:type\" content=\"article\" \/>\n<meta property=\"og:title\" content=\"Suzuki Jimny 5 Portas -\" \/>\n<meta property=\"og:description\" content=\"Sobre a viatura   Tra\u00e7\u00e3o 4\u00d74 ALLGRIP PRO para m\u00e1ximo controlo em terrenos dif\u00edceis  Compacto e \u00e1gil, ideal para trilhos estreitos e caminhos de dif\u00edcil acesso  Motor a gasolina com caixa manual para uma condu\u00e7\u00e3o envolvente  4 a 5 lugares com acesso mais f\u00e1cil gra\u00e7as \u00e0s 5 portas  Constru\u00e7\u00e3o robusta num formato surpreendentemente manobr\u00e1vel\" \/>\n<meta property=\"og:url\" content=\"https:\/\/rotassaotome.com\/en\/product\/suzuki-jimny-verde-5-portas\/\" \/>\n<meta property=\"article:publisher\" content=\"https:\/\/www.facebook.com\/profile.php?id=61575790288601\" \/>\n<meta property=\"article:modified_time\" content=\"2026-04-04T07:34:18+00:00\" \/>\n<meta property=\"og:image\" content=\"https:\/\/rotassaotome.com\/wp-content\/uploads\/2026\/04\/Suzuki-Jimny-5-Portas-1024x683.png\" \/>\n\t<meta property=\"og:image:width\" content=\"1024\" \/>\n\t<meta property=\"og:image:height\" content=\"683\" \/>\n\t<meta property=\"og:image:type\" content=\"image\/png\" \/>\n<meta name=\"twitter:card\" content=\"summary_large_image\" \/>\n<meta name=\"twitter:label1\" content=\"Estimated reading time\" \/>\n\t<meta name=\"twitter:data1\" content=\"1 minute\" \/>\n<script type=\"application\/ld+json\" class=\"yoast-schema-graph\">{\"@context\":\"https:\\\/\\\/schema.org\",\"@graph\":[{\"@type\":\"WebPage\",\"@id\":\"https:\\\/\\\/rotassaotome.com\\\/produto\\\/suzuki-jimny-verde-5-portas\\\/\",\"url\":\"https:\\\/\\\/rotassaotome.com\\\/produto\\\/suzuki-jimny-verde-5-portas\\\/\",\"name\":\"Suzuki Jimny 5 Portas -\",\"isPartOf\":{\"@id\":\"https:\\\/\\\/rotassaotome.com\\\/#website\"},\"primaryImageOfPage\":{\"@id\":\"https:\\\/\\\/rotassaotome.com\\\/produto\\\/suzuki-jimny-verde-5-portas\\\/#primaryimage\"},\"image\":{\"@id\":\"https:\\\/\\\/rotassaotome.com\\\/produto\\\/suzuki-jimny-verde-5-portas\\\/#primaryimage\"},\"thumbnailUrl\":\"https:\\\/\\\/rotassaotome.com\\\/wp-content\\\/uploads\\\/2026\\\/04\\\/Suzuki-Jimny-5-Portas-scaled.png\",\"datePublished\":\"2026-03-20T20:00:27+00:00\",\"dateModified\":\"2026-04-04T07:34:18+00:00\",\"breadcrumb\":{\"@id\":\"https:\\\/\\\/rotassaotome.com\\\/produto\\\/suzuki-jimny-verde-5-portas\\\/#breadcrumb\"},\"inLanguage\":\"en-GB\",\"potentialAction\":[{\"@type\":\"ReadAction\",\"target\":[\"https:\\\/\\\/rotassaotome.com\\\/produto\\\/suzuki-jimny-verde-5-portas\\\/\"]}]},{\"@type\":\"ImageObject\",\"inLanguage\":\"en-GB\",\"@id\":\"https:\\\/\\\/rotassaotome.com\\\/produto\\\/suzuki-jimny-verde-5-portas\\\/#primaryimage\",\"url\":\"https:\\\/\\\/rotassaotome.com\\\/wp-content\\\/uploads\\\/2026\\\/04\\\/Suzuki-Jimny-5-Portas-scaled.png\",\"contentUrl\":\"https:\\\/\\\/rotassaotome.com\\\/wp-content\\\/uploads\\\/2026\\\/04\\\/Suzuki-Jimny-5-Portas-scaled.png\",\"width\":2560,\"height\":1707},{\"@type\":\"BreadcrumbList\",\"@id\":\"https:\\\/\\\/rotassaotome.com\\\/produto\\\/suzuki-jimny-verde-5-portas\\\/#breadcrumb\",\"itemListElement\":[{\"@type\":\"ListItem\",\"position\":1,\"name\":\"In\u00edcio\",\"item\":\"https:\\\/\\\/rotassaotome.com\\\/\"},{\"@type\":\"ListItem\",\"position\":2,\"name\":\"All products\",\"item\":\"https:\\\/\\\/rotassaotome.com\\\/all-products\\\/\"},{\"@type\":\"ListItem\",\"position\":3,\"name\":\"Suzuki Jimny 5 Portas\"}]},{\"@type\":\"WebSite\",\"@id\":\"https:\\\/\\\/rotassaotome.com\\\/#website\",\"url\":\"https:\\\/\\\/rotassaotome.com\\\/\",\"name\":\"Rotas S\u00e3o Tom\u00e9\",\"description\":\"\",\"publisher\":{\"@id\":\"https:\\\/\\\/rotassaotome.com\\\/#organization\"},\"alternateName\":\"S\u00e3o Tom\u00e9 e Pr\u00edncipe\",\"potentialAction\":[{\"@type\":\"SearchAction\",\"target\":{\"@type\":\"EntryPoint\",\"urlTemplate\":\"https:\\\/\\\/rotassaotome.com\\\/?s={search_term_string}\"},\"query-input\":{\"@type\":\"PropertyValueSpecification\",\"valueRequired\":true,\"valueName\":\"search_term_string\"}}],\"inLanguage\":\"en-GB\"},{\"@type\":\"Organization\",\"@id\":\"https:\\\/\\\/rotassaotome.com\\\/#organization\",\"name\":\"Rotas S\u00e3o Tom\u00e9\",\"url\":\"https:\\\/\\\/rotassaotome.com\\\/\",\"logo\":{\"@type\":\"ImageObject\",\"inLanguage\":\"en-GB\",\"@id\":\"https:\\\/\\\/rotassaotome.com\\\/#\\\/schema\\\/logo\\\/image\\\/\",\"url\":\"https:\\\/\\\/rotassaotome.com\\\/wp-content\\\/uploads\\\/2026\\\/03\\\/cropped-Site-logo-Rotas-Sao-Tome-1.png\",\"contentUrl\":\"https:\\\/\\\/rotassaotome.com\\\/wp-content\\\/uploads\\\/2026\\\/03\\\/cropped-Site-logo-Rotas-Sao-Tome-1.png\",\"width\":512,\"height\":512,\"caption\":\"Rotas S\u00e3o Tom\u00e9\"},\"image\":{\"@id\":\"https:\\\/\\\/rotassaotome.com\\\/#\\\/schema\\\/logo\\\/image\\\/\"},\"sameAs\":[\"https:\\\/\\\/www.facebook.com\\\/profile.php?id=61575790288601\"]}]}<\/script>\n<!-- \/ Yoast SEO plugin. -->","yoast_head_json":{"title":"Suzuki Jimny 5 Portas -","robots":{"index":"index","follow":"follow","max-snippet":"max-snippet:-1","max-image-preview":"max-image-preview:large","max-video-preview":"max-video-preview:-1"},"canonical":"https:\/\/rotassaotome.com\/en\/product\/suzuki-jimny-verde-5-portas\/","og_locale":"en_GB","og_type":"article","og_title":"Suzuki Jimny 5 Portas -","og_description":"Sobre a viatura   Tra\u00e7\u00e3o 4\u00d74 ALLGRIP PRO para m\u00e1ximo controlo em terrenos dif\u00edceis  Compacto e \u00e1gil, ideal para trilhos estreitos e caminhos de dif\u00edcil acesso  Motor a gasolina com caixa manual para uma condu\u00e7\u00e3o envolvente  4 a 5 lugares com acesso mais f\u00e1cil gra\u00e7as \u00e0s 5 portas  Constru\u00e7\u00e3o robusta num formato surpreendentemente manobr\u00e1vel","og_url":"https:\/\/rotassaotome.com\/en\/product\/suzuki-jimny-verde-5-portas\/","article_publisher":"https:\/\/www.facebook.com\/profile.php?id=61575790288601","article_modified_time":"2026-04-04T07:34:18+00:00","og_image":[{"width":1024,"height":683,"url":"https:\/\/rotassaotome.com\/wp-content\/uploads\/2026\/04\/Suzuki-Jimny-5-Portas-1024x683.png","type":"image\/png"}],"twitter_card":"summary_large_image","twitter_misc":{"Estimated reading time":"1 minute"},"schema":{"@context":"https:\/\/schema.org","@graph":[{"@type":"WebPage","@id":"https:\/\/rotassaotome.com\/produto\/suzuki-jimny-verde-5-portas\/","url":"https:\/\/rotassaotome.com\/produto\/suzuki-jimny-verde-5-portas\/","name":"Suzuki Jimny 5 Portas -","isPartOf":{"@id":"https:\/\/rotassaotome.com\/#website"},"primaryImageOfPage":{"@id":"https:\/\/rotassaotome.com\/produto\/suzuki-jimny-verde-5-portas\/#primaryimage"},"image":{"@id":"https:\/\/rotassaotome.com\/produto\/suzuki-jimny-verde-5-portas\/#primaryimage"},"thumbnailUrl":"https:\/\/rotassaotome.com\/wp-content\/uploads\/2026\/04\/Suzuki-Jimny-5-Portas-scaled.png","datePublished":"2026-03-20T20:00:27+00:00","dateModified":"2026-04-04T07:34:18+00:00","breadcrumb":{"@id":"https:\/\/rotassaotome.com\/produto\/suzuki-jimny-verde-5-portas\/#breadcrumb"},"inLanguage":"en-GB","potentialAction":[{"@type":"ReadAction","target":["https:\/\/rotassaotome.com\/produto\/suzuki-jimny-verde-5-portas\/"]}]},{"@type":"ImageObject","inLanguage":"en-GB","@id":"https:\/\/rotassaotome.com\/produto\/suzuki-jimny-verde-5-portas\/#primaryimage","url":"https:\/\/rotassaotome.com\/wp-content\/uploads\/2026\/04\/Suzuki-Jimny-5-Portas-scaled.png","contentUrl":"https:\/\/rotassaotome.com\/wp-content\/uploads\/2026\/04\/Suzuki-Jimny-5-Portas-scaled.png","width":2560,"height":1707},{"@type":"BreadcrumbList","@id":"https:\/\/rotassaotome.com\/produto\/suzuki-jimny-verde-5-portas\/#breadcrumb","itemListElement":[{"@type":"ListItem","position":1,"name":"In\u00edcio","item":"https:\/\/rotassaotome.com\/"},{"@type":"ListItem","position":2,"name":"All products","item":"https:\/\/rotassaotome.com\/all-products\/"},{"@type":"ListItem","position":3,"name":"Suzuki Jimny 5 Portas"}]},{"@type":"WebSite","@id":"https:\/\/rotassaotome.com\/#website","url":"https:\/\/rotassaotome.com\/","name":"Rotas S\u00e3o Tom\u00e9","description":"","publisher":{"@id":"https:\/\/rotassaotome.com\/#organization"},"alternateName":"S\u00e3o Tom\u00e9 e Pr\u00edncipe","potentialAction":[{"@type":"SearchAction","target":{"@type":"EntryPoint","urlTemplate":"https:\/\/rotassaotome.com\/?s={search_term_string}"},"query-input":{"@type":"PropertyValueSpecification","valueRequired":true,"valueName":"search_term_string"}}],"inLanguage":"en-GB"},{"@type":"Organization","@id":"https:\/\/rotassaotome.com\/#organization","name":"Rotas S\u00e3o Tom\u00e9","url":"https:\/\/rotassaotome.com\/","logo":{"@type":"ImageObject","inLanguage":"en-GB","@id":"https:\/\/rotassaotome.com\/#\/schema\/logo\/image\/","url":"https:\/\/rotassaotome.com\/wp-content\/uploads\/2026\/03\/cropped-Site-logo-Rotas-Sao-Tome-1.png","contentUrl":"https:\/\/rotassaotome.com\/wp-content\/uploads\/2026\/03\/cropped-Site-logo-Rotas-Sao-Tome-1.png","width":512,"height":512,"caption":"Rotas S\u00e3o Tom\u00e9"},"image":{"@id":"https:\/\/rotassaotome.com\/#\/schema\/logo\/image\/"},"sameAs":["https:\/\/www.facebook.com\/profile.php?id=61575790288601"]}]}},"_links":{"self":[{"href":"https:\/\/rotassaotome.com\/en\/wp-json\/wp\/v2\/product\/3276","targetHints":{"allow":["GET"]}}],"collection":[{"href":"https:\/\/rotassaotome.com\/en\/wp-json\/wp\/v2\/product"}],"about":[{"href":"https:\/\/rotassaotome.com\/en\/wp-json\/wp\/v2\/types\/product"}],"wp:featuredmedia":[{"embeddable":true,"href":"https:\/\/rotassaotome.com\/en\/wp-json\/wp\/v2\/media\/3697"}],"wp:attachment":[{"href":"https:\/\/rotassaotome.com\/en\/wp-json\/wp\/v2\/media?parent=3276"}],"wp:term":[{"taxonomy":"product_brand","embeddable":true,"href":"https:\/\/rotassaotome.com\/en\/wp-json\/wp\/v2\/product_brand?post=3276"},{"taxonomy":"product_cat","embeddable":true,"href":"https:\/\/rotassaotome.com\/en\/wp-json\/wp\/v2\/product_cat?post=3276"},{"taxonomy":"product_tag","embeddable":true,"href":"https:\/\/rotassaotome.com\/en\/wp-json\/wp\/v2\/product_tag?post=3276"},{"taxonomy":"mwb_booking_cost","embeddable":true,"href":"https:\/\/rotassaotome.com\/en\/wp-json\/wp\/v2\/mwb_booking_cost?post=3276"},{"taxonomy":"mwb_booking_service","embeddable":true,"href":"https:\/\/rotassaotome.com\/en\/wp-json\/wp\/v2\/mwb_booking_service?post=3276"}],"curies":[{"name":"wp","href":"https:\/\/api.w.org\/{rel}","templated":true}]}}