{"id":3232,"date":"2026-03-19T11:20:21","date_gmt":"2026-03-19T11:20:21","guid":{"rendered":"https:\/\/rotassaotome.com\/?post_type=product&#038;p=3232"},"modified":"2026-04-04T14:05:23","modified_gmt":"2026-04-04T14:05:23","slug":"extremo-zona-sul","status":"publish","type":"product","link":"https:\/\/rotassaotome.com\/en\/product\/extremo-zona-sul\/","title":{"rendered":"Extremo Zona Sul\u200b"},"content":{"rendered":"<p data-start=\"1747\" data-end=\"1818\">A day to discover the wildest and most surprising side of S\u00e3o Tom\u00e9.<\/p>\n<p data-start=\"1825\" data-end=\"1935\">From the impressive Pico C\u00e3o Grande to the almost untouched beaches, each stop reveals a new facet of the island's south.<\/p>\n<p data-start=\"1942\" data-end=\"2076\">Along the way, there are unforgettable experiences: the aroma of vanilla, the taste of local gin, and a stroll through the mangroves where nature reigns supreme.<\/p>\n<p data-start=\"2083\" data-end=\"2152\">A route designed for enjoyment, with comfort and local support.<\/p>","protected":false},"excerpt":{"rendered":"<h5 data-section-id=\"1dfr1x9\" data-start=\"34\" data-end=\"47\">Itiner\u00e1rio 09:00 as 17:00<\/h5>\n<p>&nbsp;<\/p>\n<ol data-start=\"49\" data-end=\"672\">\n<li data-section-id=\"1ywfnwr\" data-start=\"49\" data-end=\"114\">\n<p data-start=\"52\" data-end=\"114\">Hotel transfer \u2013 9:00 AM<br data-start=\"77\" data-end=\"80\" \/>Morning departure heading south.<\/p>\n<\/li>\n<li data-section-id=\"wtn626\" data-start=\"116\" data-end=\"226\">\n<p data-start=\"119\" data-end=\"226\">Praia Grande \u2013 View from Pico C\u00e3o Grande<br data-start=\"158\" data-end=\"161\" \/>Panoramic stop with unobstructed views of the peak overlooking the Cau\u00ea River.<\/p>\n<\/li>\n<li data-section-id=\"1yy4keg\" data-start=\"228\" data-end=\"295\">\n<p data-start=\"231\" data-end=\"295\">Fishing Beach Waterfall<br data-start=\"259\" data-end=\"262\" \/>A brief visit to the natural waterfall.<\/p>\n<\/li>\n<li data-section-id=\"jyrwav\" data-start=\"297\" data-end=\"406\">\n<p data-start=\"300\" data-end=\"406\">Vanilla Plantation and Gin Distillery<br data-start=\"341\" data-end=\"344\" \/>Learn about vanilla cultivation and local gin production.<\/p>\n<\/li>\n<li data-section-id=\"1sujl9r\" data-start=\"408\" data-end=\"484\">\n<p data-start=\"411\" data-end=\"484\">Beach Pool<br data-start=\"424\" data-end=\"427\" \/>Time to relax on one of the most beautiful beaches in the region.<\/p>\n<\/li>\n<li data-section-id=\"1yu3kra\" data-start=\"486\" data-end=\"562\">\n<p data-start=\"489\" data-end=\"562\">Lunch at Praia Cabana<br data-start=\"511\" data-end=\"514\" \/>Lunch by the sea with typical regional dishes.<\/p>\n<\/li>\n<li data-section-id=\"usl9ev\" data-start=\"564\" data-end=\"672\">\n<p data-start=\"567\" data-end=\"672\">Boat trip through the mangroves<br data-start=\"600\" data-end=\"603\" \/>Explore the mangroves and have the chance to spot monkeys and birds.<\/p>\n<\/li>\n<\/ol>\n<hr data-start=\"674\" data-end=\"677\" \/>\n<h5 data-section-id=\"nu1av2\" data-start=\"679\" data-end=\"690\">Included<\/h5>\n<ul data-start=\"692\" data-end=\"889\">\n<li data-section-id=\"1rjn4ra\" data-start=\"692\" data-end=\"717\">\n<p data-start=\"694\" data-end=\"717\">Experienced local guide<\/p>\n<\/li>\n<li data-section-id=\"p6no2l\" data-start=\"718\" data-end=\"744\">\n<p data-start=\"720\" data-end=\"744\">Comfortable transport<\/p>\n<\/li>\n<li data-section-id=\"nan6wm\" data-start=\"745\" data-end=\"791\">\n<p data-start=\"747\" data-end=\"791\">Traditional lunch at a local restaurant.<\/p>\n<\/li>\n<li data-section-id=\"104d9z1\" data-start=\"792\" data-end=\"829\">\n<p data-start=\"794\" data-end=\"829\">Local support during the experience.<\/p>\n<\/li>\n<li data-section-id=\"f5uytk\" data-start=\"830\" data-end=\"850\">\n<p data-start=\"832\" data-end=\"850\">Water Bottles<\/p>\n<\/li>\n<li data-section-id=\"yvyqjt\" data-start=\"851\" data-end=\"889\">\n<p data-start=\"853\" data-end=\"889\">Activities described in the itinerary.<\/p>\n<\/li>\n<\/ul>\n<hr data-start=\"891\" data-end=\"894\" \/>\n<h5 data-section-id=\"rhmnz0\" data-start=\"896\" data-end=\"911\">Not included<\/h5>\n<ul data-start=\"913\" data-end=\"978\">\n<li data-section-id=\"s8b79w\" data-start=\"913\" data-end=\"935\">\n<p data-start=\"915\" data-end=\"935\">Alcoholic drinks<\/p>\n<\/li>\n<li data-section-id=\"su1jjg\" data-start=\"936\" data-end=\"956\">\n<p data-start=\"938\" data-end=\"956\">Tips (optional)<\/p>\n<\/li>\n<li data-section-id=\"8k32nj\" data-start=\"957\" data-end=\"978\">\n<p data-start=\"959\" data-end=\"978\">Personal expenses<\/p>\n<\/li>\n<\/ul>\n<hr data-start=\"891\" data-end=\"894\" \/>\n<h5 data-section-id=\"rhmnz0\" data-start=\"896\" data-end=\"911\">Prices per person:<\/h5>\n<ul class=\"elementor-icon-list-items\">\n<li class=\"elementor-icon-list-item\">1 pessoa \u2014 165\u20ac<\/li>\n<li class=\"elementor-icon-list-item\">2 a 6 pessoas \u2014 110\u20ac por pessoa<\/li>\n<li class=\"elementor-icon-list-item\">7 a 15 pessoas \u2014 99\u20ac por pessoa<\/li>\n<\/ul>","protected":false},"featured_media":3767,"template":"","meta":{"content-type":"","site-sidebar-layout":"default","site-content-layout":"","ast-site-content-layout":"default","site-content-style":"default","site-sidebar-style":"default","ast-global-header-display":"","ast-banner-title-visibility":"","ast-main-header-display":"","ast-hfb-above-header-display":"","ast-hfb-below-header-display":"","ast-hfb-mobile-header-display":"","site-post-title":"","ast-breadcrumbs-content":"","ast-featured-img":"","footer-sml-layout":"","ast-disable-related-posts":"","theme-transparent-header-meta":"default","adv-header-id-meta":"","stick-header-meta":"","header-above-stick-meta":"","header-main-stick-meta":"","header-below-stick-meta":"","astra-migrate-meta-layouts":"set","ast-page-background-enabled":"default","ast-page-background-meta":{"desktop":{"background-color":"var(--ast-global-color-5)","background-image":"","background-repeat":"repeat","background-position":"center center","background-size":"auto","background-attachment":"scroll","background-type":"","background-media":"","overlay-type":"","overlay-color":"","overlay-opacity":"","overlay-gradient":""},"tablet":{"background-color":"","background-image":"","background-repeat":"repeat","background-position":"center center","background-size":"auto","background-attachment":"scroll","background-type":"","background-media":"","overlay-type":"","overlay-color":"","overlay-opacity":"","overlay-gradient":""},"mobile":{"background-color":"","background-image":"","background-repeat":"repeat","background-position":"center center","background-size":"auto","background-attachment":"scroll","background-type":"","background-media":"","overlay-type":"","overlay-color":"","overlay-opacity":"","overlay-gradient":""}},"ast-content-background-meta":{"desktop":{"background-color":"var(--ast-global-color-4)","background-image":"","background-repeat":"repeat","background-position":"center center","background-size":"auto","background-attachment":"scroll","background-type":"","background-media":"","overlay-type":"","overlay-color":"","overlay-opacity":"","overlay-gradient":""},"tablet":{"background-color":"var(--ast-global-color-4)","background-image":"","background-repeat":"repeat","background-position":"center center","background-size":"auto","background-attachment":"scroll","background-type":"","background-media":"","overlay-type":"","overlay-color":"","overlay-opacity":"","overlay-gradient":""},"mobile":{"background-color":"var(--ast-global-color-4)","background-image":"","background-repeat":"repeat","background-position":"center center","background-size":"auto","background-attachment":"scroll","background-type":"","background-media":"","overlay-type":"","overlay-color":"","overlay-opacity":"","overlay-gradient":""}}},"product_brand":[],"product_cat":[200,20],"product_tag":[],"mwb_booking_cost":[],"mwb_booking_service":[],"class_list":{"0":"post-3232","1":"product","2":"type-product","3":"status-publish","4":"has-post-thumbnail","6":"product_cat-booking","7":"product_cat-excursoes","8":"desktop-align-left","9":"tablet-align-left","10":"mobile-align-left","12":"first","13":"instock","14":"virtual","15":"purchasable","16":"product-type-mwb_booking"},"yoast_head":"<!-- This site is optimized with the Yoast SEO plugin v27.4 - https:\/\/yoast.com\/product\/yoast-seo-wordpress\/ -->\n<title>Extremo Zona Sul\u200b -<\/title>\n<meta name=\"robots\" content=\"index, follow, max-snippet:-1, max-image-preview:large, max-video-preview:-1\" \/>\n<link rel=\"canonical\" href=\"https:\/\/rotassaotome.com\/en\/product\/extremo-zona-sul\/\" \/>\n<meta property=\"og:locale\" content=\"en_GB\" \/>\n<meta property=\"og:type\" content=\"article\" \/>\n<meta property=\"og:title\" content=\"Extremo Zona Sul\u200b -\" \/>\n<meta property=\"og:description\" content=\"Itiner\u00e1rio 09:00 as 17:00 &nbsp;    Traslado do hotel \u2013 09:00Partida matinal em dire\u00e7\u00e3o ao sul.    Praia Grande \u2013 Vista do Pico C\u00e3o GrandeParada panor\u00e2mica com vista desimpedida do pico sobre o rio Cau\u00ea.    Cachoeira da Praia PesqueiraBreve visita \u00e0 cachoeira natural.    Planta\u00e7\u00e3o de Baunilha e Destilaria de GinAprenda sobre o cultivo da baunilha e a produ\u00e7\u00e3o local de gim.    Praia PiscinaHora de relaxar em uma das praias mais bonitas da regi\u00e3o.    Almo\u00e7o no Praia CabanaAlmo\u00e7o \u00e0 beira-mar com pratos t\u00edpicos da regi\u00e3o.    Passeio de barco pelos manguezaisExplore os manguezais e tenha a chance de avistar macacos e p\u00e1ssaros.      Inclu\u00eddo    Guia local experiente    Transporte confort\u00e1vel    Almo\u00e7o tradicional em um restaurante local    Apoio local durante a experi\u00eancia    Garrafas de \u00e1gua    Atividades descritas no itiner\u00e1rio      N\u00e3o inclu\u00eddo    Bebidas alco\u00f3licas    Dicas (opcional)    Despesas pessoais      Pre\u00e7os por pessoa:   1 pessoa \u2014 165\u20ac  2 a 6 pessoas \u2014 110\u20ac por pessoa  7 a 15 pessoas \u2014 99\u20ac por pessoa\" \/>\n<meta property=\"og:url\" content=\"https:\/\/rotassaotome.com\/en\/product\/extremo-zona-sul\/\" \/>\n<meta property=\"article:publisher\" content=\"https:\/\/www.facebook.com\/profile.php?id=61575790288601\" \/>\n<meta property=\"article:modified_time\" content=\"2026-04-04T14:05:23+00:00\" \/>\n<meta property=\"og:image\" content=\"https:\/\/rotassaotome.com\/wp-content\/uploads\/2026\/03\/Extremo-Zona-Sul\u200b-Turismo-em-Sao-Tome-4.jpg\" \/>\n\t<meta property=\"og:image:width\" content=\"1080\" \/>\n\t<meta property=\"og:image:height\" content=\"720\" \/>\n\t<meta property=\"og:image:type\" content=\"image\/jpeg\" \/>\n<meta name=\"twitter:card\" content=\"summary_large_image\" \/>\n<meta name=\"twitter:label1\" content=\"Estimated reading time\" \/>\n\t<meta name=\"twitter:data1\" content=\"1 minute\" \/>\n<script type=\"application\/ld+json\" class=\"yoast-schema-graph\">{\"@context\":\"https:\\\/\\\/schema.org\",\"@graph\":[{\"@type\":\"WebPage\",\"@id\":\"https:\\\/\\\/rotassaotome.com\\\/produto\\\/extremo-zona-sul\\\/\",\"url\":\"https:\\\/\\\/rotassaotome.com\\\/produto\\\/extremo-zona-sul\\\/\",\"name\":\"Extremo Zona Sul\u200b -\",\"isPartOf\":{\"@id\":\"https:\\\/\\\/rotassaotome.com\\\/#website\"},\"primaryImageOfPage\":{\"@id\":\"https:\\\/\\\/rotassaotome.com\\\/produto\\\/extremo-zona-sul\\\/#primaryimage\"},\"image\":{\"@id\":\"https:\\\/\\\/rotassaotome.com\\\/produto\\\/extremo-zona-sul\\\/#primaryimage\"},\"thumbnailUrl\":\"https:\\\/\\\/rotassaotome.com\\\/wp-content\\\/uploads\\\/2026\\\/03\\\/Extremo-Zona-Sul\u200b-Turismo-em-Sao-Tome-4.jpg\",\"datePublished\":\"2026-03-19T11:20:21+00:00\",\"dateModified\":\"2026-04-04T14:05:23+00:00\",\"breadcrumb\":{\"@id\":\"https:\\\/\\\/rotassaotome.com\\\/produto\\\/extremo-zona-sul\\\/#breadcrumb\"},\"inLanguage\":\"en-GB\",\"potentialAction\":[{\"@type\":\"ReadAction\",\"target\":[\"https:\\\/\\\/rotassaotome.com\\\/produto\\\/extremo-zona-sul\\\/\"]}]},{\"@type\":\"ImageObject\",\"inLanguage\":\"en-GB\",\"@id\":\"https:\\\/\\\/rotassaotome.com\\\/produto\\\/extremo-zona-sul\\\/#primaryimage\",\"url\":\"https:\\\/\\\/rotassaotome.com\\\/wp-content\\\/uploads\\\/2026\\\/03\\\/Extremo-Zona-Sul\u200b-Turismo-em-Sao-Tome-4.jpg\",\"contentUrl\":\"https:\\\/\\\/rotassaotome.com\\\/wp-content\\\/uploads\\\/2026\\\/03\\\/Extremo-Zona-Sul\u200b-Turismo-em-Sao-Tome-4.jpg\",\"width\":1080,\"height\":720},{\"@type\":\"BreadcrumbList\",\"@id\":\"https:\\\/\\\/rotassaotome.com\\\/produto\\\/extremo-zona-sul\\\/#breadcrumb\",\"itemListElement\":[{\"@type\":\"ListItem\",\"position\":1,\"name\":\"In\u00edcio\",\"item\":\"https:\\\/\\\/rotassaotome.com\\\/\"},{\"@type\":\"ListItem\",\"position\":2,\"name\":\"All products\",\"item\":\"https:\\\/\\\/rotassaotome.com\\\/all-products\\\/\"},{\"@type\":\"ListItem\",\"position\":3,\"name\":\"Extremo Zona Sul\u200b\"}]},{\"@type\":\"WebSite\",\"@id\":\"https:\\\/\\\/rotassaotome.com\\\/#website\",\"url\":\"https:\\\/\\\/rotassaotome.com\\\/\",\"name\":\"Rotas S\u00e3o Tom\u00e9\",\"description\":\"\",\"publisher\":{\"@id\":\"https:\\\/\\\/rotassaotome.com\\\/#organization\"},\"alternateName\":\"S\u00e3o Tom\u00e9 e Pr\u00edncipe\",\"potentialAction\":[{\"@type\":\"SearchAction\",\"target\":{\"@type\":\"EntryPoint\",\"urlTemplate\":\"https:\\\/\\\/rotassaotome.com\\\/?s={search_term_string}\"},\"query-input\":{\"@type\":\"PropertyValueSpecification\",\"valueRequired\":true,\"valueName\":\"search_term_string\"}}],\"inLanguage\":\"en-GB\"},{\"@type\":\"Organization\",\"@id\":\"https:\\\/\\\/rotassaotome.com\\\/#organization\",\"name\":\"Rotas S\u00e3o Tom\u00e9\",\"url\":\"https:\\\/\\\/rotassaotome.com\\\/\",\"logo\":{\"@type\":\"ImageObject\",\"inLanguage\":\"en-GB\",\"@id\":\"https:\\\/\\\/rotassaotome.com\\\/#\\\/schema\\\/logo\\\/image\\\/\",\"url\":\"https:\\\/\\\/rotassaotome.com\\\/wp-content\\\/uploads\\\/2026\\\/03\\\/cropped-Site-logo-Rotas-Sao-Tome-1.png\",\"contentUrl\":\"https:\\\/\\\/rotassaotome.com\\\/wp-content\\\/uploads\\\/2026\\\/03\\\/cropped-Site-logo-Rotas-Sao-Tome-1.png\",\"width\":512,\"height\":512,\"caption\":\"Rotas S\u00e3o Tom\u00e9\"},\"image\":{\"@id\":\"https:\\\/\\\/rotassaotome.com\\\/#\\\/schema\\\/logo\\\/image\\\/\"},\"sameAs\":[\"https:\\\/\\\/www.facebook.com\\\/profile.php?id=61575790288601\"]}]}<\/script>\n<!-- \/ Yoast SEO plugin. -->","yoast_head_json":{"title":"Extremo Zona Sul\u200b -","robots":{"index":"index","follow":"follow","max-snippet":"max-snippet:-1","max-image-preview":"max-image-preview:large","max-video-preview":"max-video-preview:-1"},"canonical":"https:\/\/rotassaotome.com\/en\/product\/extremo-zona-sul\/","og_locale":"en_GB","og_type":"article","og_title":"Extremo Zona Sul\u200b -","og_description":"Itiner\u00e1rio 09:00 as 17:00 &nbsp;    Traslado do hotel \u2013 09:00Partida matinal em dire\u00e7\u00e3o ao sul.    Praia Grande \u2013 Vista do Pico C\u00e3o GrandeParada panor\u00e2mica com vista desimpedida do pico sobre o rio Cau\u00ea.    Cachoeira da Praia PesqueiraBreve visita \u00e0 cachoeira natural.    Planta\u00e7\u00e3o de Baunilha e Destilaria de GinAprenda sobre o cultivo da baunilha e a produ\u00e7\u00e3o local de gim.    Praia PiscinaHora de relaxar em uma das praias mais bonitas da regi\u00e3o.    Almo\u00e7o no Praia CabanaAlmo\u00e7o \u00e0 beira-mar com pratos t\u00edpicos da regi\u00e3o.    Passeio de barco pelos manguezaisExplore os manguezais e tenha a chance de avistar macacos e p\u00e1ssaros.      Inclu\u00eddo    Guia local experiente    Transporte confort\u00e1vel    Almo\u00e7o tradicional em um restaurante local    Apoio local durante a experi\u00eancia    Garrafas de \u00e1gua    Atividades descritas no itiner\u00e1rio      N\u00e3o inclu\u00eddo    Bebidas alco\u00f3licas    Dicas (opcional)    Despesas pessoais      Pre\u00e7os por pessoa:   1 pessoa \u2014 165\u20ac  2 a 6 pessoas \u2014 110\u20ac por pessoa  7 a 15 pessoas \u2014 99\u20ac por pessoa","og_url":"https:\/\/rotassaotome.com\/en\/product\/extremo-zona-sul\/","article_publisher":"https:\/\/www.facebook.com\/profile.php?id=61575790288601","article_modified_time":"2026-04-04T14:05:23+00:00","og_image":[{"width":1080,"height":720,"url":"https:\/\/rotassaotome.com\/wp-content\/uploads\/2026\/03\/Extremo-Zona-Sul\u200b-Turismo-em-Sao-Tome-4.jpg","type":"image\/jpeg"}],"twitter_card":"summary_large_image","twitter_misc":{"Estimated reading time":"1 minute"},"schema":{"@context":"https:\/\/schema.org","@graph":[{"@type":"WebPage","@id":"https:\/\/rotassaotome.com\/produto\/extremo-zona-sul\/","url":"https:\/\/rotassaotome.com\/produto\/extremo-zona-sul\/","name":"Extremo Zona Sul\u200b -","isPartOf":{"@id":"https:\/\/rotassaotome.com\/#website"},"primaryImageOfPage":{"@id":"https:\/\/rotassaotome.com\/produto\/extremo-zona-sul\/#primaryimage"},"image":{"@id":"https:\/\/rotassaotome.com\/produto\/extremo-zona-sul\/#primaryimage"},"thumbnailUrl":"https:\/\/rotassaotome.com\/wp-content\/uploads\/2026\/03\/Extremo-Zona-Sul\u200b-Turismo-em-Sao-Tome-4.jpg","datePublished":"2026-03-19T11:20:21+00:00","dateModified":"2026-04-04T14:05:23+00:00","breadcrumb":{"@id":"https:\/\/rotassaotome.com\/produto\/extremo-zona-sul\/#breadcrumb"},"inLanguage":"en-GB","potentialAction":[{"@type":"ReadAction","target":["https:\/\/rotassaotome.com\/produto\/extremo-zona-sul\/"]}]},{"@type":"ImageObject","inLanguage":"en-GB","@id":"https:\/\/rotassaotome.com\/produto\/extremo-zona-sul\/#primaryimage","url":"https:\/\/rotassaotome.com\/wp-content\/uploads\/2026\/03\/Extremo-Zona-Sul\u200b-Turismo-em-Sao-Tome-4.jpg","contentUrl":"https:\/\/rotassaotome.com\/wp-content\/uploads\/2026\/03\/Extremo-Zona-Sul\u200b-Turismo-em-Sao-Tome-4.jpg","width":1080,"height":720},{"@type":"BreadcrumbList","@id":"https:\/\/rotassaotome.com\/produto\/extremo-zona-sul\/#breadcrumb","itemListElement":[{"@type":"ListItem","position":1,"name":"In\u00edcio","item":"https:\/\/rotassaotome.com\/"},{"@type":"ListItem","position":2,"name":"All products","item":"https:\/\/rotassaotome.com\/all-products\/"},{"@type":"ListItem","position":3,"name":"Extremo Zona Sul\u200b"}]},{"@type":"WebSite","@id":"https:\/\/rotassaotome.com\/#website","url":"https:\/\/rotassaotome.com\/","name":"Rotas S\u00e3o Tom\u00e9","description":"","publisher":{"@id":"https:\/\/rotassaotome.com\/#organization"},"alternateName":"S\u00e3o Tom\u00e9 e Pr\u00edncipe","potentialAction":[{"@type":"SearchAction","target":{"@type":"EntryPoint","urlTemplate":"https:\/\/rotassaotome.com\/?s={search_term_string}"},"query-input":{"@type":"PropertyValueSpecification","valueRequired":true,"valueName":"search_term_string"}}],"inLanguage":"en-GB"},{"@type":"Organization","@id":"https:\/\/rotassaotome.com\/#organization","name":"Rotas S\u00e3o Tom\u00e9","url":"https:\/\/rotassaotome.com\/","logo":{"@type":"ImageObject","inLanguage":"en-GB","@id":"https:\/\/rotassaotome.com\/#\/schema\/logo\/image\/","url":"https:\/\/rotassaotome.com\/wp-content\/uploads\/2026\/03\/cropped-Site-logo-Rotas-Sao-Tome-1.png","contentUrl":"https:\/\/rotassaotome.com\/wp-content\/uploads\/2026\/03\/cropped-Site-logo-Rotas-Sao-Tome-1.png","width":512,"height":512,"caption":"Rotas S\u00e3o Tom\u00e9"},"image":{"@id":"https:\/\/rotassaotome.com\/#\/schema\/logo\/image\/"},"sameAs":["https:\/\/www.facebook.com\/profile.php?id=61575790288601"]}]}},"_links":{"self":[{"href":"https:\/\/rotassaotome.com\/en\/wp-json\/wp\/v2\/product\/3232","targetHints":{"allow":["GET"]}}],"collection":[{"href":"https:\/\/rotassaotome.com\/en\/wp-json\/wp\/v2\/product"}],"about":[{"href":"https:\/\/rotassaotome.com\/en\/wp-json\/wp\/v2\/types\/product"}],"wp:featuredmedia":[{"embeddable":true,"href":"https:\/\/rotassaotome.com\/en\/wp-json\/wp\/v2\/media\/3767"}],"wp:attachment":[{"href":"https:\/\/rotassaotome.com\/en\/wp-json\/wp\/v2\/media?parent=3232"}],"wp:term":[{"taxonomy":"product_brand","embeddable":true,"href":"https:\/\/rotassaotome.com\/en\/wp-json\/wp\/v2\/product_brand?post=3232"},{"taxonomy":"product_cat","embeddable":true,"href":"https:\/\/rotassaotome.com\/en\/wp-json\/wp\/v2\/product_cat?post=3232"},{"taxonomy":"product_tag","embeddable":true,"href":"https:\/\/rotassaotome.com\/en\/wp-json\/wp\/v2\/product_tag?post=3232"},{"taxonomy":"mwb_booking_cost","embeddable":true,"href":"https:\/\/rotassaotome.com\/en\/wp-json\/wp\/v2\/mwb_booking_cost?post=3232"},{"taxonomy":"mwb_booking_service","embeddable":true,"href":"https:\/\/rotassaotome.com\/en\/wp-json\/wp\/v2\/mwb_booking_service?post=3232"}],"curies":[{"name":"wp","href":"https:\/\/api.w.org\/{rel}","templated":true}]}}