{"id":3207,"date":"2026-03-19T11:05:46","date_gmt":"2026-03-19T11:05:46","guid":{"rendered":"https:\/\/rotassaotome.com\/?post_type=product&#038;p=3207"},"modified":"2026-04-04T13:49:28","modified_gmt":"2026-04-04T13:49:28","slug":"costa-leste","status":"publish","type":"product","link":"https:\/\/rotassaotome.com\/en\/product\/costa-leste\/","title":{"rendered":"East Coast"},"content":{"rendered":"<p data-start=\"861\" data-end=\"1028\">Between coastal towns, historic farms, and striking landscapes like Boca do Inferno (Hell's Mouth), this route takes you through settings where tradition is still part of everyday life.<\/p>\n<p data-start=\"1035\" data-end=\"1198\">With time to relax on the beaches and an unforgettable lunch at Ro\u00e7a S\u00e3o Jo\u00e3o dos Angolares, it's a complete experience \u2014 with local guidance and every comfort.<\/p>","protected":false},"excerpt":{"rendered":"<h5 data-section-id=\"1dfr1x9\" data-start=\"34\" data-end=\"47\">Itinerary from 9:00 AM to 4:30 PM<\/h5>\n<p>&nbsp;<\/p>\n<ol data-start=\"49\" data-end=\"598\">\n<li data-section-id=\"mvcdif\" data-start=\"49\" data-end=\"109\">\n<p data-start=\"52\" data-end=\"109\">Hotel transfer \u2013 9:00 AM<br data-start=\"77\" data-end=\"80\" \/>Beginning of the journey south.<\/p>\n<\/li>\n<li data-section-id=\"1afeu9v\" data-start=\"111\" data-end=\"179\">\n<p data-start=\"114\" data-end=\"179\">City of Santana<br data-start=\"131\" data-end=\"134\" \/>A brief stop to explore the coastal city.<\/p>\n<\/li>\n<li data-section-id=\"1s4f6xn\" data-start=\"181\" data-end=\"270\">\n<p data-start=\"184\" data-end=\"270\">Mouth of the Abade River<br data-start=\"200\" data-end=\"203\" \/>See local women washing clothes in the river, a traditional practice.<\/p>\n<\/li>\n<li data-section-id=\"7w40l7\" data-start=\"272\" data-end=\"336\">\n<p data-start=\"275\" data-end=\"336\">Ro\u00e7a \u00c1gua Iz\u00e9<br data-start=\"288\" data-end=\"291\" \/>Visit one of the most historic plantations on the island.<\/p>\n<\/li>\n<li data-section-id=\"1lzsp5g\" data-start=\"338\" data-end=\"425\">\n<p data-start=\"341\" data-end=\"425\">Boca do Inferno Lookout<br data-start=\"367\" data-end=\"370\" \/>Stop to admire the view and drink fresh coconut water.<\/p>\n<\/li>\n<li data-section-id=\"11gzoxg\" data-start=\"427\" data-end=\"498\">\n<p data-start=\"430\" data-end=\"498\">Seven Waves Beach and Micond\u00f3 Beach<br data-start=\"462\" data-end=\"465\" \/>Free time to swim and relax.<\/p>\n<\/li>\n<li data-section-id=\"1eamff3\" data-start=\"500\" data-end=\"598\">\n<p data-start=\"503\" data-end=\"598\">Lunch at Ro\u00e7a S\u00e3o Jo\u00e3o dos Angolares<br data-start=\"540\" data-end=\"543\" \/>A unique tasting experience featuring local flavors.<\/p>\n<\/li>\n<\/ol>\n<hr data-start=\"600\" data-end=\"603\" \/>\n<h5 data-section-id=\"nu1av2\" data-start=\"605\" data-end=\"616\">Included<\/h5>\n<ul data-start=\"618\" data-end=\"815\">\n<li data-section-id=\"1rjn4ra\" data-start=\"618\" data-end=\"643\">\n<p data-start=\"620\" data-end=\"643\">Experienced local guide<\/p>\n<\/li>\n<li data-section-id=\"p6no2l\" data-start=\"644\" data-end=\"670\">\n<p data-start=\"646\" data-end=\"670\">Comfortable transport<\/p>\n<\/li>\n<li data-section-id=\"nan6wm\" data-start=\"671\" data-end=\"717\">\n<p data-start=\"673\" data-end=\"717\">Traditional lunch at a local restaurant.<\/p>\n<\/li>\n<li data-section-id=\"104d9z1\" data-start=\"718\" data-end=\"755\">\n<p data-start=\"720\" data-end=\"755\">Local support during the experience.<\/p>\n<\/li>\n<li data-section-id=\"f5uytk\" data-start=\"756\" data-end=\"776\">\n<p data-start=\"758\" data-end=\"776\">Water Bottles<\/p>\n<\/li>\n<li data-section-id=\"yvyqjt\" data-start=\"777\" data-end=\"815\">\n<p data-start=\"779\" data-end=\"815\">Activities described in the itinerary.<\/p>\n<\/li>\n<\/ul>\n<hr data-start=\"817\" data-end=\"820\" \/>\n<h5 data-section-id=\"rhmnz0\" data-start=\"822\" data-end=\"837\">Not included<\/h5>\n<ul data-start=\"839\" data-end=\"904\">\n<li data-section-id=\"s8b79w\" data-start=\"839\" data-end=\"861\">\n<p data-start=\"841\" data-end=\"861\">Alcoholic drinks<\/p>\n<\/li>\n<li data-section-id=\"su1jjg\" data-start=\"862\" data-end=\"882\">\n<p data-start=\"864\" data-end=\"882\">Tips (optional)<\/p>\n<\/li>\n<li data-section-id=\"8k32nj\" data-start=\"883\" data-end=\"904\">\n<p data-start=\"885\" data-end=\"904\">Personal expenses<\/p>\n<\/li>\n<\/ul>\n<hr data-start=\"817\" data-end=\"820\" \/>\n<h5 data-section-id=\"rhmnz0\" data-start=\"822\" data-end=\"837\">Prices per person:<\/h5>\n<ul class=\"elementor-icon-list-items\">\n<li class=\"elementor-icon-list-item\">1 pessoa \u2014 165\u20ac<\/li>\n<li class=\"elementor-icon-list-item\">2 a 6 pessoas \u2014 110\u20ac por pessoa<\/li>\n<li class=\"elementor-icon-list-item\">7 a 15 pessoas \u2014 99\u20ac por pessoa<\/li>\n<\/ul>","protected":false},"featured_media":3763,"template":"","meta":{"content-type":"","site-sidebar-layout":"default","site-content-layout":"","ast-site-content-layout":"default","site-content-style":"default","site-sidebar-style":"default","ast-global-header-display":"","ast-banner-title-visibility":"","ast-main-header-display":"","ast-hfb-above-header-display":"","ast-hfb-below-header-display":"","ast-hfb-mobile-header-display":"","site-post-title":"","ast-breadcrumbs-content":"","ast-featured-img":"","footer-sml-layout":"","ast-disable-related-posts":"","theme-transparent-header-meta":"default","adv-header-id-meta":"","stick-header-meta":"","header-above-stick-meta":"","header-main-stick-meta":"","header-below-stick-meta":"","astra-migrate-meta-layouts":"set","ast-page-background-enabled":"default","ast-page-background-meta":{"desktop":{"background-color":"var(--ast-global-color-5)","background-image":"","background-repeat":"repeat","background-position":"center center","background-size":"auto","background-attachment":"scroll","background-type":"","background-media":"","overlay-type":"","overlay-color":"","overlay-opacity":"","overlay-gradient":""},"tablet":{"background-color":"","background-image":"","background-repeat":"repeat","background-position":"center center","background-size":"auto","background-attachment":"scroll","background-type":"","background-media":"","overlay-type":"","overlay-color":"","overlay-opacity":"","overlay-gradient":""},"mobile":{"background-color":"","background-image":"","background-repeat":"repeat","background-position":"center center","background-size":"auto","background-attachment":"scroll","background-type":"","background-media":"","overlay-type":"","overlay-color":"","overlay-opacity":"","overlay-gradient":""}},"ast-content-background-meta":{"desktop":{"background-color":"var(--ast-global-color-4)","background-image":"","background-repeat":"repeat","background-position":"center center","background-size":"auto","background-attachment":"scroll","background-type":"","background-media":"","overlay-type":"","overlay-color":"","overlay-opacity":"","overlay-gradient":""},"tablet":{"background-color":"var(--ast-global-color-4)","background-image":"","background-repeat":"repeat","background-position":"center center","background-size":"auto","background-attachment":"scroll","background-type":"","background-media":"","overlay-type":"","overlay-color":"","overlay-opacity":"","overlay-gradient":""},"mobile":{"background-color":"var(--ast-global-color-4)","background-image":"","background-repeat":"repeat","background-position":"center center","background-size":"auto","background-attachment":"scroll","background-type":"","background-media":"","overlay-type":"","overlay-color":"","overlay-opacity":"","overlay-gradient":""}}},"product_brand":[],"product_cat":[200,20],"product_tag":[],"mwb_booking_cost":[],"mwb_booking_service":[],"class_list":{"0":"post-3207","1":"product","2":"type-product","3":"status-publish","4":"has-post-thumbnail","6":"product_cat-booking","7":"product_cat-excursoes","8":"desktop-align-left","9":"tablet-align-left","10":"mobile-align-left","12":"first","13":"instock","14":"virtual","15":"purchasable","16":"product-type-mwb_booking"},"yoast_head":"<!-- This site is optimized with the Yoast SEO plugin v27.4 - https:\/\/yoast.com\/product\/yoast-seo-wordpress\/ -->\n<title>Costa Leste -<\/title>\n<meta name=\"robots\" content=\"index, follow, max-snippet:-1, max-image-preview:large, max-video-preview:-1\" \/>\n<link rel=\"canonical\" href=\"https:\/\/rotassaotome.com\/en\/product\/costa-leste\/\" \/>\n<meta property=\"og:locale\" content=\"en_GB\" \/>\n<meta property=\"og:type\" content=\"article\" \/>\n<meta property=\"og:title\" content=\"Costa Leste -\" \/>\n<meta property=\"og:description\" content=\"Itiner\u00e1rio das 09:00 as 16:30 &nbsp;    Traslado do hotel \u2013 09:00In\u00edcio da viagem rumo ao sul.    Cidade de SantanaBreve parada para explorar a cidade costeira.    Foz do Rio AbadeVeja mulheres locais lavando roupa no rio, uma pr\u00e1tica tradicional.    Ro\u00e7a \u00c1gua Iz\u00e9Visite uma das ro\u00e7as mais hist\u00f3ricas da ilha.    Mirante da Boca do InfernoPare para apreciar a vista e tomar \u00e1gua de coco fresca.    Praia Sete Ondas e Praia Micond\u00f3Tempo livre para nadar e relaxar.    Almo\u00e7o na Ro\u00e7a S\u00e3o Jo\u00e3o dos AngolaresUma experi\u00eancia de degusta\u00e7\u00e3o \u00fanica com sabores locais.      Inclu\u00eddo    Guia local experiente    Transporte confort\u00e1vel    Almo\u00e7o tradicional em um restaurante local    Apoio local durante a experi\u00eancia    Garrafas de \u00e1gua    Atividades descritas no itiner\u00e1rio      N\u00e3o inclu\u00eddo    Bebidas alco\u00f3licas    Dicas (opcional)    Despesas pessoais      Pre\u00e7os por pessoa:   1 pessoa \u2014 165\u20ac  2 a 6 pessoas \u2014 110\u20ac por pessoa  7 a 15 pessoas \u2014 99\u20ac por pessoa\" \/>\n<meta property=\"og:url\" content=\"https:\/\/rotassaotome.com\/en\/product\/costa-leste\/\" \/>\n<meta property=\"article:publisher\" content=\"https:\/\/www.facebook.com\/profile.php?id=61575790288601\" \/>\n<meta property=\"article:modified_time\" content=\"2026-04-04T13:49:28+00:00\" \/>\n<meta property=\"og:image\" content=\"https:\/\/rotassaotome.com\/wp-content\/uploads\/2026\/03\/Costa-Leste-Turismo-em-Sao-Tome-3.jpg\" \/>\n\t<meta property=\"og:image:width\" content=\"1080\" \/>\n\t<meta property=\"og:image:height\" content=\"720\" \/>\n\t<meta property=\"og:image:type\" content=\"image\/jpeg\" \/>\n<meta name=\"twitter:card\" content=\"summary_large_image\" \/>\n<meta name=\"twitter:label1\" content=\"Estimated reading time\" \/>\n\t<meta name=\"twitter:data1\" content=\"1 minute\" \/>\n<script type=\"application\/ld+json\" class=\"yoast-schema-graph\">{\"@context\":\"https:\\\/\\\/schema.org\",\"@graph\":[{\"@type\":\"WebPage\",\"@id\":\"https:\\\/\\\/rotassaotome.com\\\/produto\\\/costa-leste\\\/\",\"url\":\"https:\\\/\\\/rotassaotome.com\\\/produto\\\/costa-leste\\\/\",\"name\":\"Costa Leste -\",\"isPartOf\":{\"@id\":\"https:\\\/\\\/rotassaotome.com\\\/#website\"},\"primaryImageOfPage\":{\"@id\":\"https:\\\/\\\/rotassaotome.com\\\/produto\\\/costa-leste\\\/#primaryimage\"},\"image\":{\"@id\":\"https:\\\/\\\/rotassaotome.com\\\/produto\\\/costa-leste\\\/#primaryimage\"},\"thumbnailUrl\":\"https:\\\/\\\/rotassaotome.com\\\/wp-content\\\/uploads\\\/2026\\\/03\\\/Costa-Leste-Turismo-em-Sao-Tome-3.jpg\",\"datePublished\":\"2026-03-19T11:05:46+00:00\",\"dateModified\":\"2026-04-04T13:49:28+00:00\",\"breadcrumb\":{\"@id\":\"https:\\\/\\\/rotassaotome.com\\\/produto\\\/costa-leste\\\/#breadcrumb\"},\"inLanguage\":\"en-GB\",\"potentialAction\":[{\"@type\":\"ReadAction\",\"target\":[\"https:\\\/\\\/rotassaotome.com\\\/produto\\\/costa-leste\\\/\"]}]},{\"@type\":\"ImageObject\",\"inLanguage\":\"en-GB\",\"@id\":\"https:\\\/\\\/rotassaotome.com\\\/produto\\\/costa-leste\\\/#primaryimage\",\"url\":\"https:\\\/\\\/rotassaotome.com\\\/wp-content\\\/uploads\\\/2026\\\/03\\\/Costa-Leste-Turismo-em-Sao-Tome-3.jpg\",\"contentUrl\":\"https:\\\/\\\/rotassaotome.com\\\/wp-content\\\/uploads\\\/2026\\\/03\\\/Costa-Leste-Turismo-em-Sao-Tome-3.jpg\",\"width\":1080,\"height\":720},{\"@type\":\"BreadcrumbList\",\"@id\":\"https:\\\/\\\/rotassaotome.com\\\/produto\\\/costa-leste\\\/#breadcrumb\",\"itemListElement\":[{\"@type\":\"ListItem\",\"position\":1,\"name\":\"In\u00edcio\",\"item\":\"https:\\\/\\\/rotassaotome.com\\\/\"},{\"@type\":\"ListItem\",\"position\":2,\"name\":\"All products\",\"item\":\"https:\\\/\\\/rotassaotome.com\\\/all-products\\\/\"},{\"@type\":\"ListItem\",\"position\":3,\"name\":\"Costa Leste\"}]},{\"@type\":\"WebSite\",\"@id\":\"https:\\\/\\\/rotassaotome.com\\\/#website\",\"url\":\"https:\\\/\\\/rotassaotome.com\\\/\",\"name\":\"Rotas S\u00e3o Tom\u00e9\",\"description\":\"\",\"publisher\":{\"@id\":\"https:\\\/\\\/rotassaotome.com\\\/#organization\"},\"alternateName\":\"S\u00e3o Tom\u00e9 e Pr\u00edncipe\",\"potentialAction\":[{\"@type\":\"SearchAction\",\"target\":{\"@type\":\"EntryPoint\",\"urlTemplate\":\"https:\\\/\\\/rotassaotome.com\\\/?s={search_term_string}\"},\"query-input\":{\"@type\":\"PropertyValueSpecification\",\"valueRequired\":true,\"valueName\":\"search_term_string\"}}],\"inLanguage\":\"en-GB\"},{\"@type\":\"Organization\",\"@id\":\"https:\\\/\\\/rotassaotome.com\\\/#organization\",\"name\":\"Rotas S\u00e3o Tom\u00e9\",\"url\":\"https:\\\/\\\/rotassaotome.com\\\/\",\"logo\":{\"@type\":\"ImageObject\",\"inLanguage\":\"en-GB\",\"@id\":\"https:\\\/\\\/rotassaotome.com\\\/#\\\/schema\\\/logo\\\/image\\\/\",\"url\":\"https:\\\/\\\/rotassaotome.com\\\/wp-content\\\/uploads\\\/2026\\\/03\\\/cropped-Site-logo-Rotas-Sao-Tome-1.png\",\"contentUrl\":\"https:\\\/\\\/rotassaotome.com\\\/wp-content\\\/uploads\\\/2026\\\/03\\\/cropped-Site-logo-Rotas-Sao-Tome-1.png\",\"width\":512,\"height\":512,\"caption\":\"Rotas S\u00e3o Tom\u00e9\"},\"image\":{\"@id\":\"https:\\\/\\\/rotassaotome.com\\\/#\\\/schema\\\/logo\\\/image\\\/\"},\"sameAs\":[\"https:\\\/\\\/www.facebook.com\\\/profile.php?id=61575790288601\"]}]}<\/script>\n<!-- \/ Yoast SEO plugin. -->","yoast_head_json":{"title":"Costa Leste -","robots":{"index":"index","follow":"follow","max-snippet":"max-snippet:-1","max-image-preview":"max-image-preview:large","max-video-preview":"max-video-preview:-1"},"canonical":"https:\/\/rotassaotome.com\/en\/product\/costa-leste\/","og_locale":"en_GB","og_type":"article","og_title":"Costa Leste -","og_description":"Itiner\u00e1rio das 09:00 as 16:30 &nbsp;    Traslado do hotel \u2013 09:00In\u00edcio da viagem rumo ao sul.    Cidade de SantanaBreve parada para explorar a cidade costeira.    Foz do Rio AbadeVeja mulheres locais lavando roupa no rio, uma pr\u00e1tica tradicional.    Ro\u00e7a \u00c1gua Iz\u00e9Visite uma das ro\u00e7as mais hist\u00f3ricas da ilha.    Mirante da Boca do InfernoPare para apreciar a vista e tomar \u00e1gua de coco fresca.    Praia Sete Ondas e Praia Micond\u00f3Tempo livre para nadar e relaxar.    Almo\u00e7o na Ro\u00e7a S\u00e3o Jo\u00e3o dos AngolaresUma experi\u00eancia de degusta\u00e7\u00e3o \u00fanica com sabores locais.      Inclu\u00eddo    Guia local experiente    Transporte confort\u00e1vel    Almo\u00e7o tradicional em um restaurante local    Apoio local durante a experi\u00eancia    Garrafas de \u00e1gua    Atividades descritas no itiner\u00e1rio      N\u00e3o inclu\u00eddo    Bebidas alco\u00f3licas    Dicas (opcional)    Despesas pessoais      Pre\u00e7os por pessoa:   1 pessoa \u2014 165\u20ac  2 a 6 pessoas \u2014 110\u20ac por pessoa  7 a 15 pessoas \u2014 99\u20ac por pessoa","og_url":"https:\/\/rotassaotome.com\/en\/product\/costa-leste\/","article_publisher":"https:\/\/www.facebook.com\/profile.php?id=61575790288601","article_modified_time":"2026-04-04T13:49:28+00:00","og_image":[{"width":1080,"height":720,"url":"https:\/\/rotassaotome.com\/wp-content\/uploads\/2026\/03\/Costa-Leste-Turismo-em-Sao-Tome-3.jpg","type":"image\/jpeg"}],"twitter_card":"summary_large_image","twitter_misc":{"Estimated reading time":"1 minute"},"schema":{"@context":"https:\/\/schema.org","@graph":[{"@type":"WebPage","@id":"https:\/\/rotassaotome.com\/produto\/costa-leste\/","url":"https:\/\/rotassaotome.com\/produto\/costa-leste\/","name":"Costa Leste -","isPartOf":{"@id":"https:\/\/rotassaotome.com\/#website"},"primaryImageOfPage":{"@id":"https:\/\/rotassaotome.com\/produto\/costa-leste\/#primaryimage"},"image":{"@id":"https:\/\/rotassaotome.com\/produto\/costa-leste\/#primaryimage"},"thumbnailUrl":"https:\/\/rotassaotome.com\/wp-content\/uploads\/2026\/03\/Costa-Leste-Turismo-em-Sao-Tome-3.jpg","datePublished":"2026-03-19T11:05:46+00:00","dateModified":"2026-04-04T13:49:28+00:00","breadcrumb":{"@id":"https:\/\/rotassaotome.com\/produto\/costa-leste\/#breadcrumb"},"inLanguage":"en-GB","potentialAction":[{"@type":"ReadAction","target":["https:\/\/rotassaotome.com\/produto\/costa-leste\/"]}]},{"@type":"ImageObject","inLanguage":"en-GB","@id":"https:\/\/rotassaotome.com\/produto\/costa-leste\/#primaryimage","url":"https:\/\/rotassaotome.com\/wp-content\/uploads\/2026\/03\/Costa-Leste-Turismo-em-Sao-Tome-3.jpg","contentUrl":"https:\/\/rotassaotome.com\/wp-content\/uploads\/2026\/03\/Costa-Leste-Turismo-em-Sao-Tome-3.jpg","width":1080,"height":720},{"@type":"BreadcrumbList","@id":"https:\/\/rotassaotome.com\/produto\/costa-leste\/#breadcrumb","itemListElement":[{"@type":"ListItem","position":1,"name":"In\u00edcio","item":"https:\/\/rotassaotome.com\/"},{"@type":"ListItem","position":2,"name":"All products","item":"https:\/\/rotassaotome.com\/all-products\/"},{"@type":"ListItem","position":3,"name":"Costa Leste"}]},{"@type":"WebSite","@id":"https:\/\/rotassaotome.com\/#website","url":"https:\/\/rotassaotome.com\/","name":"Rotas S\u00e3o Tom\u00e9","description":"","publisher":{"@id":"https:\/\/rotassaotome.com\/#organization"},"alternateName":"S\u00e3o Tom\u00e9 e Pr\u00edncipe","potentialAction":[{"@type":"SearchAction","target":{"@type":"EntryPoint","urlTemplate":"https:\/\/rotassaotome.com\/?s={search_term_string}"},"query-input":{"@type":"PropertyValueSpecification","valueRequired":true,"valueName":"search_term_string"}}],"inLanguage":"en-GB"},{"@type":"Organization","@id":"https:\/\/rotassaotome.com\/#organization","name":"Rotas S\u00e3o Tom\u00e9","url":"https:\/\/rotassaotome.com\/","logo":{"@type":"ImageObject","inLanguage":"en-GB","@id":"https:\/\/rotassaotome.com\/#\/schema\/logo\/image\/","url":"https:\/\/rotassaotome.com\/wp-content\/uploads\/2026\/03\/cropped-Site-logo-Rotas-Sao-Tome-1.png","contentUrl":"https:\/\/rotassaotome.com\/wp-content\/uploads\/2026\/03\/cropped-Site-logo-Rotas-Sao-Tome-1.png","width":512,"height":512,"caption":"Rotas S\u00e3o Tom\u00e9"},"image":{"@id":"https:\/\/rotassaotome.com\/#\/schema\/logo\/image\/"},"sameAs":["https:\/\/www.facebook.com\/profile.php?id=61575790288601"]}]}},"_links":{"self":[{"href":"https:\/\/rotassaotome.com\/en\/wp-json\/wp\/v2\/product\/3207","targetHints":{"allow":["GET"]}}],"collection":[{"href":"https:\/\/rotassaotome.com\/en\/wp-json\/wp\/v2\/product"}],"about":[{"href":"https:\/\/rotassaotome.com\/en\/wp-json\/wp\/v2\/types\/product"}],"wp:featuredmedia":[{"embeddable":true,"href":"https:\/\/rotassaotome.com\/en\/wp-json\/wp\/v2\/media\/3763"}],"wp:attachment":[{"href":"https:\/\/rotassaotome.com\/en\/wp-json\/wp\/v2\/media?parent=3207"}],"wp:term":[{"taxonomy":"product_brand","embeddable":true,"href":"https:\/\/rotassaotome.com\/en\/wp-json\/wp\/v2\/product_brand?post=3207"},{"taxonomy":"product_cat","embeddable":true,"href":"https:\/\/rotassaotome.com\/en\/wp-json\/wp\/v2\/product_cat?post=3207"},{"taxonomy":"product_tag","embeddable":true,"href":"https:\/\/rotassaotome.com\/en\/wp-json\/wp\/v2\/product_tag?post=3207"},{"taxonomy":"mwb_booking_cost","embeddable":true,"href":"https:\/\/rotassaotome.com\/en\/wp-json\/wp\/v2\/mwb_booking_cost?post=3207"},{"taxonomy":"mwb_booking_service","embeddable":true,"href":"https:\/\/rotassaotome.com\/en\/wp-json\/wp\/v2\/mwb_booking_service?post=3207"}],"curies":[{"name":"wp","href":"https:\/\/api.w.org\/{rel}","templated":true}]}}