{"id":3193,"date":"2026-03-19T10:57:18","date_gmt":"2026-03-19T10:57:18","guid":{"rendered":"https:\/\/rotassaotome.com\/?post_type=product&#038;p=3193"},"modified":"2026-04-04T13:07:17","modified_gmt":"2026-04-04T13:07:17","slug":"rota-do-cacau","status":"publish","type":"product","link":"https:\/\/rotassaotome.com\/en\/product\/rota-do-cacau\/","title":{"rendered":"Cocoa Route"},"content":{"rendered":"<p data-pm-slice=\"1 1 []\">Cocoa Route: a day to discover S\u00e3o Tom\u00e9 through its flavors, stories and landscapes.<\/p>\n<p>Step into the world of cocoa, get a close look at its production process, and explore striking landscapes like the Blue Lagoon, with its calm waters and breathtaking scenery.<\/p>\n<p>In between, enjoy a seaside lunch in a tranquil and authentic setting.<\/p>\n<p>Everything with comfort and expert support, for a worry-free experience.<\/p>","protected":false},"excerpt":{"rendered":"<h5 data-section-id=\"1dfr1x9\" data-start=\"34\" data-end=\"47\">Itinerary from 9:00 AM to 4:30 PM<\/h5>\n<p>&nbsp;<\/p>\n<ol data-start=\"49\" data-end=\"764\">\n<li data-section-id=\"9z6gmh\" data-start=\"49\" data-end=\"117\">\n<p data-start=\"52\" data-end=\"117\">Hotel transfer \u2013 9:00 AM<br data-start=\"77\" data-end=\"80\" \/>Departure from your accommodation in the morning.<\/p>\n<\/li>\n<li data-section-id=\"16y8csk\" data-start=\"119\" data-end=\"214\">\n<p data-start=\"122\" data-end=\"214\">Cocoa plantation<br data-start=\"140\" data-end=\"143\" \/>Visit a plantation to learn about the history and cycle of cocoa.<\/p>\n<\/li>\n<li data-section-id=\"8vjzj5\" data-start=\"216\" data-end=\"325\">\n<p data-start=\"219\" data-end=\"325\">Fermentation and Drying Process<br data-start=\"252\" data-end=\"255\" \/>Visit a local facility to see how cocoa is fermented and dried.<\/p>\n<\/li>\n<li data-section-id=\"lhajwt\" data-start=\"327\" data-end=\"393\">\n<p data-start=\"330\" data-end=\"393\">Monument to Fern\u00e3o Dias<br data-start=\"353\" data-end=\"356\" \/>Visit an important historical landmark.<\/p>\n<\/li>\n<li data-section-id=\"p23xbd\" data-start=\"395\" data-end=\"484\">\n<p data-start=\"398\" data-end=\"484\">Tamarind Beach and Blue Lagoon<br data-start=\"431\" data-end=\"434\" \/>Stop at the beach with the option of snorkeling.<\/p>\n<\/li>\n<li data-section-id=\"1y1h15v\" data-start=\"486\" data-end=\"583\">\n<p data-start=\"489\" data-end=\"583\">Lunch in Neves \u2013 Santola or Mucumbli<br data-start=\"526\" data-end=\"529\" \/>Lunch featuring local seafood and ocean views.<\/p>\n<\/li>\n<li data-section-id=\"10oylo6\" data-start=\"585\" data-end=\"648\">\n<p data-start=\"588\" data-end=\"648\">Santa Catarina Tunnel<br data-start=\"611\" data-end=\"614\" \/>Walk through the famous stone tunnel.<\/p>\n<\/li>\n<li data-section-id=\"mizfmy\" data-start=\"650\" data-end=\"764\">\n<p data-start=\"653\" data-end=\"764\">Diogo Vaz Farm and Agostinho Neto Farm<br data-start=\"689\" data-end=\"692\" \/>A drive through two of the island's most emblematic colonial plantations.<\/p>\n<\/li>\n<\/ol>\n<hr data-start=\"766\" data-end=\"769\" \/>\n<h5 data-section-id=\"nu1av2\" data-start=\"771\" data-end=\"782\">Included<\/h5>\n<ul data-start=\"784\" data-end=\"981\">\n<li data-section-id=\"1rjn4ra\" data-start=\"784\" data-end=\"809\">\n<p data-start=\"786\" data-end=\"809\">Experienced local guide<\/p>\n<\/li>\n<li data-section-id=\"p6no2l\" data-start=\"810\" data-end=\"836\">\n<p data-start=\"812\" data-end=\"836\">Comfortable transport<\/p>\n<\/li>\n<li data-section-id=\"nan6wm\" data-start=\"837\" data-end=\"883\">\n<p data-start=\"839\" data-end=\"883\">Traditional lunch at a local restaurant.<\/p>\n<\/li>\n<li data-section-id=\"104d9z1\" data-start=\"884\" data-end=\"921\">\n<p data-start=\"886\" data-end=\"921\">Local support during the experience.<\/p>\n<\/li>\n<li data-section-id=\"f5uytk\" data-start=\"922\" data-end=\"942\">\n<p data-start=\"924\" data-end=\"942\">Water Bottles<\/p>\n<\/li>\n<li data-section-id=\"yvyqjt\" data-start=\"943\" data-end=\"981\">\n<p data-start=\"945\" data-end=\"981\">Activities described in the itinerary.<\/p>\n<\/li>\n<\/ul>\n<hr data-start=\"983\" data-end=\"986\" \/>\n<h5 data-section-id=\"rhmnz0\" data-start=\"988\" data-end=\"1003\">Not included<\/h5>\n<ul data-start=\"1005\" data-end=\"1070\">\n<li data-section-id=\"s8b79w\" data-start=\"1005\" data-end=\"1027\">\n<p data-start=\"1007\" data-end=\"1027\">Alcoholic drinks<\/p>\n<\/li>\n<li data-section-id=\"su1jjg\" data-start=\"1028\" data-end=\"1048\">\n<p data-start=\"1030\" data-end=\"1048\">Tips (optional)<\/p>\n<\/li>\n<li data-section-id=\"8k32nj\" data-start=\"1049\" data-end=\"1070\">\n<p data-start=\"1051\" data-end=\"1070\">Personal expenses<\/p>\n<\/li>\n<\/ul>\n<hr data-start=\"983\" data-end=\"986\" \/>\n<h5 data-section-id=\"rhmnz0\" data-start=\"988\" data-end=\"1003\"><span class=\"_aupe copyable-text xkrh14z\">Price per person: <\/span><\/h5>\n<ul class=\"elementor-icon-list-items\">\n<li class=\"elementor-icon-list-item\">1 person \u2014 \u20ac145<\/li>\n<li class=\"elementor-icon-list-item\">\u00a02 to 6 people \u2014 \u20ac100 per person<\/li>\n<li class=\"elementor-icon-list-item\">\u00a07 to 15 people \u2014 \u20ac89 per person<\/li>\n<\/ul>","protected":false},"featured_media":3750,"template":"","meta":{"content-type":"","site-sidebar-layout":"default","site-content-layout":"","ast-site-content-layout":"default","site-content-style":"default","site-sidebar-style":"default","ast-global-header-display":"","ast-banner-title-visibility":"","ast-main-header-display":"","ast-hfb-above-header-display":"","ast-hfb-below-header-display":"","ast-hfb-mobile-header-display":"","site-post-title":"","ast-breadcrumbs-content":"","ast-featured-img":"","footer-sml-layout":"","ast-disable-related-posts":"","theme-transparent-header-meta":"default","adv-header-id-meta":"","stick-header-meta":"","header-above-stick-meta":"","header-main-stick-meta":"","header-below-stick-meta":"","astra-migrate-meta-layouts":"set","ast-page-background-enabled":"default","ast-page-background-meta":{"desktop":{"background-color":"var(--ast-global-color-5)","background-image":"","background-repeat":"repeat","background-position":"center center","background-size":"auto","background-attachment":"scroll","background-type":"","background-media":"","overlay-type":"","overlay-color":"","overlay-opacity":"","overlay-gradient":""},"tablet":{"background-color":"","background-image":"","background-repeat":"repeat","background-position":"center center","background-size":"auto","background-attachment":"scroll","background-type":"","background-media":"","overlay-type":"","overlay-color":"","overlay-opacity":"","overlay-gradient":""},"mobile":{"background-color":"","background-image":"","background-repeat":"repeat","background-position":"center center","background-size":"auto","background-attachment":"scroll","background-type":"","background-media":"","overlay-type":"","overlay-color":"","overlay-opacity":"","overlay-gradient":""}},"ast-content-background-meta":{"desktop":{"background-color":"var(--ast-global-color-4)","background-image":"","background-repeat":"repeat","background-position":"center center","background-size":"auto","background-attachment":"scroll","background-type":"","background-media":"","overlay-type":"","overlay-color":"","overlay-opacity":"","overlay-gradient":""},"tablet":{"background-color":"var(--ast-global-color-4)","background-image":"","background-repeat":"repeat","background-position":"center center","background-size":"auto","background-attachment":"scroll","background-type":"","background-media":"","overlay-type":"","overlay-color":"","overlay-opacity":"","overlay-gradient":""},"mobile":{"background-color":"var(--ast-global-color-4)","background-image":"","background-repeat":"repeat","background-position":"center center","background-size":"auto","background-attachment":"scroll","background-type":"","background-media":"","overlay-type":"","overlay-color":"","overlay-opacity":"","overlay-gradient":""}}},"product_brand":[],"product_cat":[200,20],"product_tag":[],"mwb_booking_cost":[],"mwb_booking_service":[],"class_list":{"0":"post-3193","1":"product","2":"type-product","3":"status-publish","4":"has-post-thumbnail","6":"product_cat-booking","7":"product_cat-excursoes","8":"desktop-align-left","9":"tablet-align-left","10":"mobile-align-left","12":"first","13":"instock","14":"virtual","15":"purchasable","16":"product-type-mwb_booking"},"yoast_head":"<!-- This site is optimized with the Yoast SEO plugin v27.4 - https:\/\/yoast.com\/product\/yoast-seo-wordpress\/ -->\n<title>Rota do Cacau -<\/title>\n<meta name=\"robots\" content=\"index, follow, max-snippet:-1, max-image-preview:large, max-video-preview:-1\" \/>\n<link rel=\"canonical\" href=\"https:\/\/rotassaotome.com\/en\/product\/rota-do-cacau\/\" \/>\n<meta property=\"og:locale\" content=\"en_GB\" \/>\n<meta property=\"og:type\" content=\"article\" \/>\n<meta property=\"og:title\" content=\"Rota do Cacau -\" \/>\n<meta property=\"og:description\" content=\"Itiner\u00e1rio das 09:00 as 16:30 &nbsp;    Traslado do hotel \u2013 09:00Partida do seu alojamento pela manh\u00e3.    Planta\u00e7\u00e3o de cacauVisite uma planta\u00e7\u00e3o para aprender sobre a hist\u00f3ria e o ciclo do cacau.    Processo de Fermenta\u00e7\u00e3o e SecagemVisite uma instala\u00e7\u00e3o local para ver como o cacau \u00e9 fermentado e seco.    Monumento a Fern\u00e3o DiasVisite um importante marco hist\u00f3rico.    Praia dos Tamarindos e Lagoa AzulParada na praia com op\u00e7\u00e3o de mergulho com snorkel.    Almo\u00e7o em Neves \u2013 Santola ou MucumbliAlmo\u00e7o com frutos do mar locais e vista para o oceano.    T\u00fanel de Santa CatarinaAtravesse o famoso t\u00fanel de pedra.    Ro\u00e7a Diogo Vaz e Ro\u00e7a Agostinho NetoPasseio de carro por duas das ro\u00e7as coloniais mais emblem\u00e1ticas da ilha.      Inclu\u00eddo    Guia local experiente    Transporte confort\u00e1vel    Almo\u00e7o tradicional em um restaurante local    Apoio local durante a experi\u00eancia    Garrafas de \u00e1gua    Atividades descritas no itiner\u00e1rio      N\u00e3o inclu\u00eddo    Bebidas alco\u00f3licas    Dicas (opcional)    Despesas pessoais      Pre\u00e7o por pessoa:    1 pessoa \u2014 145\u20ac  \u00a02 a 6 pessoas \u2014 100\u20ac por pessoa  \u00a07 a 15 pessoas \u2014 89\u20ac por pessoa\" \/>\n<meta property=\"og:url\" content=\"https:\/\/rotassaotome.com\/en\/product\/rota-do-cacau\/\" \/>\n<meta property=\"article:publisher\" content=\"https:\/\/www.facebook.com\/profile.php?id=61575790288601\" \/>\n<meta property=\"article:modified_time\" content=\"2026-04-04T13:07:17+00:00\" \/>\n<meta property=\"og:image\" content=\"https:\/\/rotassaotome.com\/wp-content\/uploads\/2026\/03\/Rota-do-Cacao-Turismo-em-Sao-Tome-7.jpg\" \/>\n\t<meta property=\"og:image:width\" content=\"1080\" \/>\n\t<meta property=\"og:image:height\" content=\"720\" \/>\n\t<meta property=\"og:image:type\" content=\"image\/jpeg\" \/>\n<meta name=\"twitter:card\" content=\"summary_large_image\" \/>\n<meta name=\"twitter:label1\" content=\"Estimated reading time\" \/>\n\t<meta name=\"twitter:data1\" content=\"1 minute\" \/>\n<script type=\"application\/ld+json\" class=\"yoast-schema-graph\">{\"@context\":\"https:\\\/\\\/schema.org\",\"@graph\":[{\"@type\":\"WebPage\",\"@id\":\"https:\\\/\\\/rotassaotome.com\\\/produto\\\/rota-do-cacau\\\/\",\"url\":\"https:\\\/\\\/rotassaotome.com\\\/produto\\\/rota-do-cacau\\\/\",\"name\":\"Rota do Cacau -\",\"isPartOf\":{\"@id\":\"https:\\\/\\\/rotassaotome.com\\\/#website\"},\"primaryImageOfPage\":{\"@id\":\"https:\\\/\\\/rotassaotome.com\\\/produto\\\/rota-do-cacau\\\/#primaryimage\"},\"image\":{\"@id\":\"https:\\\/\\\/rotassaotome.com\\\/produto\\\/rota-do-cacau\\\/#primaryimage\"},\"thumbnailUrl\":\"https:\\\/\\\/rotassaotome.com\\\/wp-content\\\/uploads\\\/2026\\\/03\\\/Rota-do-Cacao-Turismo-em-Sao-Tome-7.jpg\",\"datePublished\":\"2026-03-19T10:57:18+00:00\",\"dateModified\":\"2026-04-04T13:07:17+00:00\",\"breadcrumb\":{\"@id\":\"https:\\\/\\\/rotassaotome.com\\\/produto\\\/rota-do-cacau\\\/#breadcrumb\"},\"inLanguage\":\"en-GB\",\"potentialAction\":[{\"@type\":\"ReadAction\",\"target\":[\"https:\\\/\\\/rotassaotome.com\\\/produto\\\/rota-do-cacau\\\/\"]}]},{\"@type\":\"ImageObject\",\"inLanguage\":\"en-GB\",\"@id\":\"https:\\\/\\\/rotassaotome.com\\\/produto\\\/rota-do-cacau\\\/#primaryimage\",\"url\":\"https:\\\/\\\/rotassaotome.com\\\/wp-content\\\/uploads\\\/2026\\\/03\\\/Rota-do-Cacao-Turismo-em-Sao-Tome-7.jpg\",\"contentUrl\":\"https:\\\/\\\/rotassaotome.com\\\/wp-content\\\/uploads\\\/2026\\\/03\\\/Rota-do-Cacao-Turismo-em-Sao-Tome-7.jpg\",\"width\":1080,\"height\":720},{\"@type\":\"BreadcrumbList\",\"@id\":\"https:\\\/\\\/rotassaotome.com\\\/produto\\\/rota-do-cacau\\\/#breadcrumb\",\"itemListElement\":[{\"@type\":\"ListItem\",\"position\":1,\"name\":\"In\u00edcio\",\"item\":\"https:\\\/\\\/rotassaotome.com\\\/\"},{\"@type\":\"ListItem\",\"position\":2,\"name\":\"All products\",\"item\":\"https:\\\/\\\/rotassaotome.com\\\/all-products\\\/\"},{\"@type\":\"ListItem\",\"position\":3,\"name\":\"Rota do Cacau\"}]},{\"@type\":\"WebSite\",\"@id\":\"https:\\\/\\\/rotassaotome.com\\\/#website\",\"url\":\"https:\\\/\\\/rotassaotome.com\\\/\",\"name\":\"Rotas S\u00e3o Tom\u00e9\",\"description\":\"\",\"publisher\":{\"@id\":\"https:\\\/\\\/rotassaotome.com\\\/#organization\"},\"alternateName\":\"S\u00e3o Tom\u00e9 e Pr\u00edncipe\",\"potentialAction\":[{\"@type\":\"SearchAction\",\"target\":{\"@type\":\"EntryPoint\",\"urlTemplate\":\"https:\\\/\\\/rotassaotome.com\\\/?s={search_term_string}\"},\"query-input\":{\"@type\":\"PropertyValueSpecification\",\"valueRequired\":true,\"valueName\":\"search_term_string\"}}],\"inLanguage\":\"en-GB\"},{\"@type\":\"Organization\",\"@id\":\"https:\\\/\\\/rotassaotome.com\\\/#organization\",\"name\":\"Rotas S\u00e3o Tom\u00e9\",\"url\":\"https:\\\/\\\/rotassaotome.com\\\/\",\"logo\":{\"@type\":\"ImageObject\",\"inLanguage\":\"en-GB\",\"@id\":\"https:\\\/\\\/rotassaotome.com\\\/#\\\/schema\\\/logo\\\/image\\\/\",\"url\":\"https:\\\/\\\/rotassaotome.com\\\/wp-content\\\/uploads\\\/2026\\\/03\\\/cropped-Site-logo-Rotas-Sao-Tome-1.png\",\"contentUrl\":\"https:\\\/\\\/rotassaotome.com\\\/wp-content\\\/uploads\\\/2026\\\/03\\\/cropped-Site-logo-Rotas-Sao-Tome-1.png\",\"width\":512,\"height\":512,\"caption\":\"Rotas S\u00e3o Tom\u00e9\"},\"image\":{\"@id\":\"https:\\\/\\\/rotassaotome.com\\\/#\\\/schema\\\/logo\\\/image\\\/\"},\"sameAs\":[\"https:\\\/\\\/www.facebook.com\\\/profile.php?id=61575790288601\"]}]}<\/script>\n<!-- \/ Yoast SEO plugin. -->","yoast_head_json":{"title":"Rota do Cacau -","robots":{"index":"index","follow":"follow","max-snippet":"max-snippet:-1","max-image-preview":"max-image-preview:large","max-video-preview":"max-video-preview:-1"},"canonical":"https:\/\/rotassaotome.com\/en\/product\/rota-do-cacau\/","og_locale":"en_GB","og_type":"article","og_title":"Rota do Cacau -","og_description":"Itiner\u00e1rio das 09:00 as 16:30 &nbsp;    Traslado do hotel \u2013 09:00Partida do seu alojamento pela manh\u00e3.    Planta\u00e7\u00e3o de cacauVisite uma planta\u00e7\u00e3o para aprender sobre a hist\u00f3ria e o ciclo do cacau.    Processo de Fermenta\u00e7\u00e3o e SecagemVisite uma instala\u00e7\u00e3o local para ver como o cacau \u00e9 fermentado e seco.    Monumento a Fern\u00e3o DiasVisite um importante marco hist\u00f3rico.    Praia dos Tamarindos e Lagoa AzulParada na praia com op\u00e7\u00e3o de mergulho com snorkel.    Almo\u00e7o em Neves \u2013 Santola ou MucumbliAlmo\u00e7o com frutos do mar locais e vista para o oceano.    T\u00fanel de Santa CatarinaAtravesse o famoso t\u00fanel de pedra.    Ro\u00e7a Diogo Vaz e Ro\u00e7a Agostinho NetoPasseio de carro por duas das ro\u00e7as coloniais mais emblem\u00e1ticas da ilha.      Inclu\u00eddo    Guia local experiente    Transporte confort\u00e1vel    Almo\u00e7o tradicional em um restaurante local    Apoio local durante a experi\u00eancia    Garrafas de \u00e1gua    Atividades descritas no itiner\u00e1rio      N\u00e3o inclu\u00eddo    Bebidas alco\u00f3licas    Dicas (opcional)    Despesas pessoais      Pre\u00e7o por pessoa:    1 pessoa \u2014 145\u20ac  \u00a02 a 6 pessoas \u2014 100\u20ac por pessoa  \u00a07 a 15 pessoas \u2014 89\u20ac por pessoa","og_url":"https:\/\/rotassaotome.com\/en\/product\/rota-do-cacau\/","article_publisher":"https:\/\/www.facebook.com\/profile.php?id=61575790288601","article_modified_time":"2026-04-04T13:07:17+00:00","og_image":[{"width":1080,"height":720,"url":"https:\/\/rotassaotome.com\/wp-content\/uploads\/2026\/03\/Rota-do-Cacao-Turismo-em-Sao-Tome-7.jpg","type":"image\/jpeg"}],"twitter_card":"summary_large_image","twitter_misc":{"Estimated reading time":"1 minute"},"schema":{"@context":"https:\/\/schema.org","@graph":[{"@type":"WebPage","@id":"https:\/\/rotassaotome.com\/produto\/rota-do-cacau\/","url":"https:\/\/rotassaotome.com\/produto\/rota-do-cacau\/","name":"Rota do Cacau -","isPartOf":{"@id":"https:\/\/rotassaotome.com\/#website"},"primaryImageOfPage":{"@id":"https:\/\/rotassaotome.com\/produto\/rota-do-cacau\/#primaryimage"},"image":{"@id":"https:\/\/rotassaotome.com\/produto\/rota-do-cacau\/#primaryimage"},"thumbnailUrl":"https:\/\/rotassaotome.com\/wp-content\/uploads\/2026\/03\/Rota-do-Cacao-Turismo-em-Sao-Tome-7.jpg","datePublished":"2026-03-19T10:57:18+00:00","dateModified":"2026-04-04T13:07:17+00:00","breadcrumb":{"@id":"https:\/\/rotassaotome.com\/produto\/rota-do-cacau\/#breadcrumb"},"inLanguage":"en-GB","potentialAction":[{"@type":"ReadAction","target":["https:\/\/rotassaotome.com\/produto\/rota-do-cacau\/"]}]},{"@type":"ImageObject","inLanguage":"en-GB","@id":"https:\/\/rotassaotome.com\/produto\/rota-do-cacau\/#primaryimage","url":"https:\/\/rotassaotome.com\/wp-content\/uploads\/2026\/03\/Rota-do-Cacao-Turismo-em-Sao-Tome-7.jpg","contentUrl":"https:\/\/rotassaotome.com\/wp-content\/uploads\/2026\/03\/Rota-do-Cacao-Turismo-em-Sao-Tome-7.jpg","width":1080,"height":720},{"@type":"BreadcrumbList","@id":"https:\/\/rotassaotome.com\/produto\/rota-do-cacau\/#breadcrumb","itemListElement":[{"@type":"ListItem","position":1,"name":"In\u00edcio","item":"https:\/\/rotassaotome.com\/"},{"@type":"ListItem","position":2,"name":"All products","item":"https:\/\/rotassaotome.com\/all-products\/"},{"@type":"ListItem","position":3,"name":"Rota do Cacau"}]},{"@type":"WebSite","@id":"https:\/\/rotassaotome.com\/#website","url":"https:\/\/rotassaotome.com\/","name":"Rotas S\u00e3o Tom\u00e9","description":"","publisher":{"@id":"https:\/\/rotassaotome.com\/#organization"},"alternateName":"S\u00e3o Tom\u00e9 e Pr\u00edncipe","potentialAction":[{"@type":"SearchAction","target":{"@type":"EntryPoint","urlTemplate":"https:\/\/rotassaotome.com\/?s={search_term_string}"},"query-input":{"@type":"PropertyValueSpecification","valueRequired":true,"valueName":"search_term_string"}}],"inLanguage":"en-GB"},{"@type":"Organization","@id":"https:\/\/rotassaotome.com\/#organization","name":"Rotas S\u00e3o Tom\u00e9","url":"https:\/\/rotassaotome.com\/","logo":{"@type":"ImageObject","inLanguage":"en-GB","@id":"https:\/\/rotassaotome.com\/#\/schema\/logo\/image\/","url":"https:\/\/rotassaotome.com\/wp-content\/uploads\/2026\/03\/cropped-Site-logo-Rotas-Sao-Tome-1.png","contentUrl":"https:\/\/rotassaotome.com\/wp-content\/uploads\/2026\/03\/cropped-Site-logo-Rotas-Sao-Tome-1.png","width":512,"height":512,"caption":"Rotas S\u00e3o Tom\u00e9"},"image":{"@id":"https:\/\/rotassaotome.com\/#\/schema\/logo\/image\/"},"sameAs":["https:\/\/www.facebook.com\/profile.php?id=61575790288601"]}]}},"_links":{"self":[{"href":"https:\/\/rotassaotome.com\/en\/wp-json\/wp\/v2\/product\/3193","targetHints":{"allow":["GET"]}}],"collection":[{"href":"https:\/\/rotassaotome.com\/en\/wp-json\/wp\/v2\/product"}],"about":[{"href":"https:\/\/rotassaotome.com\/en\/wp-json\/wp\/v2\/types\/product"}],"wp:featuredmedia":[{"embeddable":true,"href":"https:\/\/rotassaotome.com\/en\/wp-json\/wp\/v2\/media\/3750"}],"wp:attachment":[{"href":"https:\/\/rotassaotome.com\/en\/wp-json\/wp\/v2\/media?parent=3193"}],"wp:term":[{"taxonomy":"product_brand","embeddable":true,"href":"https:\/\/rotassaotome.com\/en\/wp-json\/wp\/v2\/product_brand?post=3193"},{"taxonomy":"product_cat","embeddable":true,"href":"https:\/\/rotassaotome.com\/en\/wp-json\/wp\/v2\/product_cat?post=3193"},{"taxonomy":"product_tag","embeddable":true,"href":"https:\/\/rotassaotome.com\/en\/wp-json\/wp\/v2\/product_tag?post=3193"},{"taxonomy":"mwb_booking_cost","embeddable":true,"href":"https:\/\/rotassaotome.com\/en\/wp-json\/wp\/v2\/mwb_booking_cost?post=3193"},{"taxonomy":"mwb_booking_service","embeddable":true,"href":"https:\/\/rotassaotome.com\/en\/wp-json\/wp\/v2\/mwb_booking_service?post=3193"}],"curies":[{"name":"wp","href":"https:\/\/api.w.org\/{rel}","templated":true}]}}