{"id":3185,"date":"2026-03-19T10:46:39","date_gmt":"2026-03-19T10:46:39","guid":{"rendered":"https:\/\/rotassaotome.com\/?post_type=product&#038;p=3185"},"modified":"2026-04-04T12:33:42","modified_gmt":"2026-04-04T12:33:42","slug":"city-tour","status":"publish","type":"product","link":"https:\/\/rotassaotome.com\/en\/product\/city-tour\/","title":{"rendered":"City Tour"},"content":{"rendered":"<p data-start=\"1847\" data-end=\"1902\">Do you want to experience S\u00e3o Tom\u00e9 beyond what tourists see?<\/p>\n<p data-start=\"1909\" data-end=\"2023\">Get into the rhythm of the city, stroll through the vibrant local markets, and discover the history that marks every corner.<\/p>\n<p data-start=\"2030\" data-end=\"2130\">And in the end, there's a reward: tasting the chocolate from S\u00e3o Tom\u00e9, considered one of the best in the world.<\/p>\n<p data-start=\"2030\" data-end=\"2130\">Everything comes with local support and comfort, so all you have to do is enjoy.<\/p>","protected":false},"excerpt":{"rendered":"<h5 data-section-id=\"1dfr1x9\" data-start=\"34\" data-end=\"47\">Itinerary from 9:00 AM to 3:30 PM<\/h5>\n<p>&nbsp;<\/p>\n<ol data-start=\"49\" data-end=\"666\">\n<li data-section-id=\"lqvtxo\" data-start=\"49\" data-end=\"116\">\n<p data-start=\"52\" data-end=\"116\">Hotel transfer \u2013 9:00 AM<br data-start=\"77\" data-end=\"80\" \/>Start of the guided city tour.<\/p>\n<\/li>\n<li data-section-id=\"2fyf7j\" data-start=\"118\" data-end=\"196\">\n<p data-start=\"121\" data-end=\"196\">Traditional Market of S\u00e3o Tom\u00e9<br data-start=\"152\" data-end=\"155\" \/>Explore local products and everyday life.<\/p>\n<\/li>\n<li data-section-id=\"3i8bim\" data-start=\"198\" data-end=\"247\">\n<p data-start=\"201\" data-end=\"247\">National Museum<br data-start=\"215\" data-end=\"218\" \/>Visit to the historic fortress.<\/p>\n<\/li>\n<li data-section-id=\"1lxfl09\" data-start=\"249\" data-end=\"345\">\n<p data-start=\"252\" data-end=\"345\">Cathedral and Presidential Palace<br data-start=\"286\" data-end=\"289\" \/>Stops at two important cultural tourist attractions.<\/p>\n<\/li>\n<li data-section-id=\"amrldz\" data-start=\"347\" data-end=\"419\">\n<p data-start=\"350\" data-end=\"419\">Historic Squares<br data-start=\"367\" data-end=\"370\" \/>Take a walking tour through areas of the city from the colonial era.<\/p>\n<\/li>\n<li data-section-id=\"1u8qs8g\" data-start=\"421\" data-end=\"510\">\n<p data-start=\"424\" data-end=\"510\">Craft shops and local products<br data-start=\"461\" data-end=\"464\" \/>Free time to discover handmade pieces.<\/p>\n<\/li>\n<li data-section-id=\"qsxthh\" data-start=\"512\" data-end=\"594\">\n<p data-start=\"515\" data-end=\"594\">Tasting at the Chocolate Factory<br data-start=\"549\" data-end=\"552\" \/>Guided tour with chocolate tasting.<\/p>\n<\/li>\n<li data-section-id=\"z1ai20\" data-start=\"596\" data-end=\"666\">\n<p data-start=\"599\" data-end=\"666\">Lunch in the city<br data-start=\"615\" data-end=\"618\" \/>A meal at one of the best local restaurants.<\/p>\n<\/li>\n<\/ol>\n<hr data-start=\"668\" data-end=\"671\" \/>\n<h5 data-section-id=\"nu1av2\" data-start=\"673\" data-end=\"684\">Included<\/h5>\n<ul data-start=\"686\" data-end=\"883\">\n<li data-section-id=\"1rjn4ra\" data-start=\"686\" data-end=\"711\">\n<p data-start=\"688\" data-end=\"711\">Experienced local guide<\/p>\n<\/li>\n<li data-section-id=\"p6no2l\" data-start=\"712\" data-end=\"738\">\n<p data-start=\"714\" data-end=\"738\">Comfortable transport<\/p>\n<\/li>\n<li data-section-id=\"nan6wm\" data-start=\"739\" data-end=\"785\">\n<p data-start=\"741\" data-end=\"785\">Traditional lunch at a local restaurant.<\/p>\n<\/li>\n<li data-section-id=\"104d9z1\" data-start=\"786\" data-end=\"823\">\n<p data-start=\"788\" data-end=\"823\">Local support during the experience.<\/p>\n<\/li>\n<li data-section-id=\"f5uytk\" data-start=\"824\" data-end=\"844\">\n<p data-start=\"826\" data-end=\"844\">Water Bottles<\/p>\n<\/li>\n<li data-section-id=\"yvyqjt\" data-start=\"845\" data-end=\"883\">\n<p data-start=\"847\" data-end=\"883\">Activities described in the itinerary.<\/p>\n<\/li>\n<\/ul>\n<hr data-start=\"885\" data-end=\"888\" \/>\n<h5 data-section-id=\"rhmnz0\" data-start=\"890\" data-end=\"905\">Not included<\/h5>\n<ul data-start=\"907\" data-end=\"972\">\n<li data-section-id=\"s8b79w\" data-start=\"907\" data-end=\"929\">\n<p data-start=\"909\" data-end=\"929\">Alcoholic drinks<\/p>\n<\/li>\n<li data-section-id=\"su1jjg\" data-start=\"930\" data-end=\"950\">\n<p data-start=\"932\" data-end=\"950\">Tips (optional)<\/p>\n<\/li>\n<li data-section-id=\"8k32nj\" data-start=\"951\" data-end=\"972\">\n<p data-start=\"953\" data-end=\"972\">Personal expenses<\/p>\n<\/li>\n<\/ul>\n<hr data-start=\"885\" data-end=\"888\" \/>\n<h5 data-section-id=\"rhmnz0\" data-start=\"890\" data-end=\"905\">Price per person:<\/h5>\n<ul class=\"elementor-icon-list-items\">\n<li class=\"elementor-icon-list-item\">1 person \u2014 \u20ac120<\/li>\n<li class=\"elementor-icon-list-item\">2 to 6 people \u2014 \u20ac85 per person<\/li>\n<li class=\"elementor-icon-list-item\">7 to 15 people \u2014 \u20ac75 per person<\/li>\n<\/ul>","protected":false},"featured_media":3739,"template":"","meta":{"content-type":"","site-sidebar-layout":"default","site-content-layout":"","ast-site-content-layout":"default","site-content-style":"default","site-sidebar-style":"default","ast-global-header-display":"","ast-banner-title-visibility":"","ast-main-header-display":"","ast-hfb-above-header-display":"","ast-hfb-below-header-display":"","ast-hfb-mobile-header-display":"","site-post-title":"","ast-breadcrumbs-content":"","ast-featured-img":"","footer-sml-layout":"","ast-disable-related-posts":"","theme-transparent-header-meta":"default","adv-header-id-meta":"","stick-header-meta":"","header-above-stick-meta":"","header-main-stick-meta":"","header-below-stick-meta":"","astra-migrate-meta-layouts":"set","ast-page-background-enabled":"default","ast-page-background-meta":{"desktop":{"background-color":"var(--ast-global-color-5)","background-image":"","background-repeat":"repeat","background-position":"center center","background-size":"auto","background-attachment":"scroll","background-type":"","background-media":"","overlay-type":"","overlay-color":"","overlay-opacity":"","overlay-gradient":""},"tablet":{"background-color":"","background-image":"","background-repeat":"repeat","background-position":"center center","background-size":"auto","background-attachment":"scroll","background-type":"","background-media":"","overlay-type":"","overlay-color":"","overlay-opacity":"","overlay-gradient":""},"mobile":{"background-color":"","background-image":"","background-repeat":"repeat","background-position":"center center","background-size":"auto","background-attachment":"scroll","background-type":"","background-media":"","overlay-type":"","overlay-color":"","overlay-opacity":"","overlay-gradient":""}},"ast-content-background-meta":{"desktop":{"background-color":"var(--ast-global-color-4)","background-image":"","background-repeat":"repeat","background-position":"center center","background-size":"auto","background-attachment":"scroll","background-type":"","background-media":"","overlay-type":"","overlay-color":"","overlay-opacity":"","overlay-gradient":""},"tablet":{"background-color":"var(--ast-global-color-4)","background-image":"","background-repeat":"repeat","background-position":"center center","background-size":"auto","background-attachment":"scroll","background-type":"","background-media":"","overlay-type":"","overlay-color":"","overlay-opacity":"","overlay-gradient":""},"mobile":{"background-color":"var(--ast-global-color-4)","background-image":"","background-repeat":"repeat","background-position":"center center","background-size":"auto","background-attachment":"scroll","background-type":"","background-media":"","overlay-type":"","overlay-color":"","overlay-opacity":"","overlay-gradient":""}}},"product_brand":[],"product_cat":[200,20],"product_tag":[],"mwb_booking_cost":[],"mwb_booking_service":[],"class_list":{"0":"post-3185","1":"product","2":"type-product","3":"status-publish","4":"has-post-thumbnail","6":"product_cat-booking","7":"product_cat-excursoes","8":"desktop-align-left","9":"tablet-align-left","10":"mobile-align-left","12":"first","13":"instock","14":"virtual","15":"purchasable","16":"product-type-mwb_booking"},"yoast_head":"<!-- This site is optimized with the Yoast SEO plugin v27.4 - https:\/\/yoast.com\/product\/yoast-seo-wordpress\/ -->\n<title>City Tour -<\/title>\n<meta name=\"robots\" content=\"index, follow, max-snippet:-1, max-image-preview:large, max-video-preview:-1\" \/>\n<link rel=\"canonical\" href=\"https:\/\/rotassaotome.com\/en\/product\/city-tour\/\" \/>\n<meta property=\"og:locale\" content=\"en_GB\" \/>\n<meta property=\"og:type\" content=\"article\" \/>\n<meta property=\"og:title\" content=\"City Tour -\" \/>\n<meta property=\"og:description\" content=\"Itiner\u00e1rio das 09:00 as 15:30 &nbsp;    Traslado do hotel \u2013 09:00In\u00edcio da visita guiada pela cidade.    Mercado Tradicional de S\u00e3o Tom\u00e9Explore os produtos locais e o cotidiano.    Museu NacionalVisita \u00e0 fortaleza hist\u00f3rica.    S\u00e9 Catedral e Pal\u00e1cio PresidencialParadas em dois importantes pontos tur\u00edsticos culturais.    Pra\u00e7as Hist\u00f3ricasPasseie a p\u00e9 por \u00e1reas da cidade da era colonial.    Lojas de artesanato e produtos locaisTempo livre para descobrir pe\u00e7as feitas \u00e0 m\u00e3o.    Degusta\u00e7\u00e3o na F\u00e1brica de ChocolateVisita guiada com degusta\u00e7\u00e3o de chocolate.    Almo\u00e7o na cidadeRefei\u00e7\u00e3o em um dos melhores restaurantes locais.      Inclu\u00eddo    Guia local experiente    Transporte confort\u00e1vel    Almo\u00e7o tradicional em um restaurante local    Apoio local durante a experi\u00eancia    Garrafas de \u00e1gua    Atividades descritas no itiner\u00e1rio      N\u00e3o inclu\u00eddo    Bebidas alco\u00f3licas    Dicas (opcional)    Despesas pessoais      Pre\u00e7o por pessoa:   1 pessoa \u2014 120\u20ac  2 a 6 pessoas \u2014 85\u20ac por pessoa  7 a 15 pessoas \u2014 75\u20ac por pessoa\" \/>\n<meta property=\"og:url\" content=\"https:\/\/rotassaotome.com\/en\/product\/city-tour\/\" \/>\n<meta property=\"article:publisher\" content=\"https:\/\/www.facebook.com\/profile.php?id=61575790288601\" \/>\n<meta property=\"article:modified_time\" content=\"2026-04-04T12:33:42+00:00\" \/>\n<meta property=\"og:image\" content=\"https:\/\/rotassaotome.com\/wp-content\/uploads\/2026\/03\/Tour-Pela-Cidade-Rotas-Sao-Tome-3.jpg\" \/>\n\t<meta property=\"og:image:width\" content=\"1080\" \/>\n\t<meta property=\"og:image:height\" content=\"720\" \/>\n\t<meta property=\"og:image:type\" content=\"image\/jpeg\" \/>\n<meta name=\"twitter:card\" content=\"summary_large_image\" \/>\n<meta name=\"twitter:label1\" content=\"Estimated reading time\" \/>\n\t<meta name=\"twitter:data1\" content=\"1 minute\" \/>\n<script type=\"application\/ld+json\" class=\"yoast-schema-graph\">{\"@context\":\"https:\\\/\\\/schema.org\",\"@graph\":[{\"@type\":\"WebPage\",\"@id\":\"https:\\\/\\\/rotassaotome.com\\\/produto\\\/city-tour\\\/\",\"url\":\"https:\\\/\\\/rotassaotome.com\\\/produto\\\/city-tour\\\/\",\"name\":\"City Tour -\",\"isPartOf\":{\"@id\":\"https:\\\/\\\/rotassaotome.com\\\/#website\"},\"primaryImageOfPage\":{\"@id\":\"https:\\\/\\\/rotassaotome.com\\\/produto\\\/city-tour\\\/#primaryimage\"},\"image\":{\"@id\":\"https:\\\/\\\/rotassaotome.com\\\/produto\\\/city-tour\\\/#primaryimage\"},\"thumbnailUrl\":\"https:\\\/\\\/rotassaotome.com\\\/wp-content\\\/uploads\\\/2026\\\/03\\\/Tour-Pela-Cidade-Rotas-Sao-Tome-3.jpg\",\"datePublished\":\"2026-03-19T10:46:39+00:00\",\"dateModified\":\"2026-04-04T12:33:42+00:00\",\"breadcrumb\":{\"@id\":\"https:\\\/\\\/rotassaotome.com\\\/produto\\\/city-tour\\\/#breadcrumb\"},\"inLanguage\":\"en-GB\",\"potentialAction\":[{\"@type\":\"ReadAction\",\"target\":[\"https:\\\/\\\/rotassaotome.com\\\/produto\\\/city-tour\\\/\"]}]},{\"@type\":\"ImageObject\",\"inLanguage\":\"en-GB\",\"@id\":\"https:\\\/\\\/rotassaotome.com\\\/produto\\\/city-tour\\\/#primaryimage\",\"url\":\"https:\\\/\\\/rotassaotome.com\\\/wp-content\\\/uploads\\\/2026\\\/03\\\/Tour-Pela-Cidade-Rotas-Sao-Tome-3.jpg\",\"contentUrl\":\"https:\\\/\\\/rotassaotome.com\\\/wp-content\\\/uploads\\\/2026\\\/03\\\/Tour-Pela-Cidade-Rotas-Sao-Tome-3.jpg\",\"width\":1080,\"height\":720},{\"@type\":\"BreadcrumbList\",\"@id\":\"https:\\\/\\\/rotassaotome.com\\\/produto\\\/city-tour\\\/#breadcrumb\",\"itemListElement\":[{\"@type\":\"ListItem\",\"position\":1,\"name\":\"In\u00edcio\",\"item\":\"https:\\\/\\\/rotassaotome.com\\\/\"},{\"@type\":\"ListItem\",\"position\":2,\"name\":\"All products\",\"item\":\"https:\\\/\\\/rotassaotome.com\\\/all-products\\\/\"},{\"@type\":\"ListItem\",\"position\":3,\"name\":\"City Tour\"}]},{\"@type\":\"WebSite\",\"@id\":\"https:\\\/\\\/rotassaotome.com\\\/#website\",\"url\":\"https:\\\/\\\/rotassaotome.com\\\/\",\"name\":\"Rotas S\u00e3o Tom\u00e9\",\"description\":\"\",\"publisher\":{\"@id\":\"https:\\\/\\\/rotassaotome.com\\\/#organization\"},\"alternateName\":\"S\u00e3o Tom\u00e9 e Pr\u00edncipe\",\"potentialAction\":[{\"@type\":\"SearchAction\",\"target\":{\"@type\":\"EntryPoint\",\"urlTemplate\":\"https:\\\/\\\/rotassaotome.com\\\/?s={search_term_string}\"},\"query-input\":{\"@type\":\"PropertyValueSpecification\",\"valueRequired\":true,\"valueName\":\"search_term_string\"}}],\"inLanguage\":\"en-GB\"},{\"@type\":\"Organization\",\"@id\":\"https:\\\/\\\/rotassaotome.com\\\/#organization\",\"name\":\"Rotas S\u00e3o Tom\u00e9\",\"url\":\"https:\\\/\\\/rotassaotome.com\\\/\",\"logo\":{\"@type\":\"ImageObject\",\"inLanguage\":\"en-GB\",\"@id\":\"https:\\\/\\\/rotassaotome.com\\\/#\\\/schema\\\/logo\\\/image\\\/\",\"url\":\"https:\\\/\\\/rotassaotome.com\\\/wp-content\\\/uploads\\\/2026\\\/03\\\/cropped-Site-logo-Rotas-Sao-Tome-1.png\",\"contentUrl\":\"https:\\\/\\\/rotassaotome.com\\\/wp-content\\\/uploads\\\/2026\\\/03\\\/cropped-Site-logo-Rotas-Sao-Tome-1.png\",\"width\":512,\"height\":512,\"caption\":\"Rotas S\u00e3o Tom\u00e9\"},\"image\":{\"@id\":\"https:\\\/\\\/rotassaotome.com\\\/#\\\/schema\\\/logo\\\/image\\\/\"},\"sameAs\":[\"https:\\\/\\\/www.facebook.com\\\/profile.php?id=61575790288601\"]}]}<\/script>\n<!-- \/ Yoast SEO plugin. -->","yoast_head_json":{"title":"City Tour -","robots":{"index":"index","follow":"follow","max-snippet":"max-snippet:-1","max-image-preview":"max-image-preview:large","max-video-preview":"max-video-preview:-1"},"canonical":"https:\/\/rotassaotome.com\/en\/product\/city-tour\/","og_locale":"en_GB","og_type":"article","og_title":"City Tour -","og_description":"Itiner\u00e1rio das 09:00 as 15:30 &nbsp;    Traslado do hotel \u2013 09:00In\u00edcio da visita guiada pela cidade.    Mercado Tradicional de S\u00e3o Tom\u00e9Explore os produtos locais e o cotidiano.    Museu NacionalVisita \u00e0 fortaleza hist\u00f3rica.    S\u00e9 Catedral e Pal\u00e1cio PresidencialParadas em dois importantes pontos tur\u00edsticos culturais.    Pra\u00e7as Hist\u00f3ricasPasseie a p\u00e9 por \u00e1reas da cidade da era colonial.    Lojas de artesanato e produtos locaisTempo livre para descobrir pe\u00e7as feitas \u00e0 m\u00e3o.    Degusta\u00e7\u00e3o na F\u00e1brica de ChocolateVisita guiada com degusta\u00e7\u00e3o de chocolate.    Almo\u00e7o na cidadeRefei\u00e7\u00e3o em um dos melhores restaurantes locais.      Inclu\u00eddo    Guia local experiente    Transporte confort\u00e1vel    Almo\u00e7o tradicional em um restaurante local    Apoio local durante a experi\u00eancia    Garrafas de \u00e1gua    Atividades descritas no itiner\u00e1rio      N\u00e3o inclu\u00eddo    Bebidas alco\u00f3licas    Dicas (opcional)    Despesas pessoais      Pre\u00e7o por pessoa:   1 pessoa \u2014 120\u20ac  2 a 6 pessoas \u2014 85\u20ac por pessoa  7 a 15 pessoas \u2014 75\u20ac por pessoa","og_url":"https:\/\/rotassaotome.com\/en\/product\/city-tour\/","article_publisher":"https:\/\/www.facebook.com\/profile.php?id=61575790288601","article_modified_time":"2026-04-04T12:33:42+00:00","og_image":[{"width":1080,"height":720,"url":"https:\/\/rotassaotome.com\/wp-content\/uploads\/2026\/03\/Tour-Pela-Cidade-Rotas-Sao-Tome-3.jpg","type":"image\/jpeg"}],"twitter_card":"summary_large_image","twitter_misc":{"Estimated reading time":"1 minute"},"schema":{"@context":"https:\/\/schema.org","@graph":[{"@type":"WebPage","@id":"https:\/\/rotassaotome.com\/produto\/city-tour\/","url":"https:\/\/rotassaotome.com\/produto\/city-tour\/","name":"City Tour -","isPartOf":{"@id":"https:\/\/rotassaotome.com\/#website"},"primaryImageOfPage":{"@id":"https:\/\/rotassaotome.com\/produto\/city-tour\/#primaryimage"},"image":{"@id":"https:\/\/rotassaotome.com\/produto\/city-tour\/#primaryimage"},"thumbnailUrl":"https:\/\/rotassaotome.com\/wp-content\/uploads\/2026\/03\/Tour-Pela-Cidade-Rotas-Sao-Tome-3.jpg","datePublished":"2026-03-19T10:46:39+00:00","dateModified":"2026-04-04T12:33:42+00:00","breadcrumb":{"@id":"https:\/\/rotassaotome.com\/produto\/city-tour\/#breadcrumb"},"inLanguage":"en-GB","potentialAction":[{"@type":"ReadAction","target":["https:\/\/rotassaotome.com\/produto\/city-tour\/"]}]},{"@type":"ImageObject","inLanguage":"en-GB","@id":"https:\/\/rotassaotome.com\/produto\/city-tour\/#primaryimage","url":"https:\/\/rotassaotome.com\/wp-content\/uploads\/2026\/03\/Tour-Pela-Cidade-Rotas-Sao-Tome-3.jpg","contentUrl":"https:\/\/rotassaotome.com\/wp-content\/uploads\/2026\/03\/Tour-Pela-Cidade-Rotas-Sao-Tome-3.jpg","width":1080,"height":720},{"@type":"BreadcrumbList","@id":"https:\/\/rotassaotome.com\/produto\/city-tour\/#breadcrumb","itemListElement":[{"@type":"ListItem","position":1,"name":"In\u00edcio","item":"https:\/\/rotassaotome.com\/"},{"@type":"ListItem","position":2,"name":"All products","item":"https:\/\/rotassaotome.com\/all-products\/"},{"@type":"ListItem","position":3,"name":"City Tour"}]},{"@type":"WebSite","@id":"https:\/\/rotassaotome.com\/#website","url":"https:\/\/rotassaotome.com\/","name":"Rotas S\u00e3o Tom\u00e9","description":"","publisher":{"@id":"https:\/\/rotassaotome.com\/#organization"},"alternateName":"S\u00e3o Tom\u00e9 e Pr\u00edncipe","potentialAction":[{"@type":"SearchAction","target":{"@type":"EntryPoint","urlTemplate":"https:\/\/rotassaotome.com\/?s={search_term_string}"},"query-input":{"@type":"PropertyValueSpecification","valueRequired":true,"valueName":"search_term_string"}}],"inLanguage":"en-GB"},{"@type":"Organization","@id":"https:\/\/rotassaotome.com\/#organization","name":"Rotas S\u00e3o Tom\u00e9","url":"https:\/\/rotassaotome.com\/","logo":{"@type":"ImageObject","inLanguage":"en-GB","@id":"https:\/\/rotassaotome.com\/#\/schema\/logo\/image\/","url":"https:\/\/rotassaotome.com\/wp-content\/uploads\/2026\/03\/cropped-Site-logo-Rotas-Sao-Tome-1.png","contentUrl":"https:\/\/rotassaotome.com\/wp-content\/uploads\/2026\/03\/cropped-Site-logo-Rotas-Sao-Tome-1.png","width":512,"height":512,"caption":"Rotas S\u00e3o Tom\u00e9"},"image":{"@id":"https:\/\/rotassaotome.com\/#\/schema\/logo\/image\/"},"sameAs":["https:\/\/www.facebook.com\/profile.php?id=61575790288601"]}]}},"_links":{"self":[{"href":"https:\/\/rotassaotome.com\/en\/wp-json\/wp\/v2\/product\/3185","targetHints":{"allow":["GET"]}}],"collection":[{"href":"https:\/\/rotassaotome.com\/en\/wp-json\/wp\/v2\/product"}],"about":[{"href":"https:\/\/rotassaotome.com\/en\/wp-json\/wp\/v2\/types\/product"}],"wp:featuredmedia":[{"embeddable":true,"href":"https:\/\/rotassaotome.com\/en\/wp-json\/wp\/v2\/media\/3739"}],"wp:attachment":[{"href":"https:\/\/rotassaotome.com\/en\/wp-json\/wp\/v2\/media?parent=3185"}],"wp:term":[{"taxonomy":"product_brand","embeddable":true,"href":"https:\/\/rotassaotome.com\/en\/wp-json\/wp\/v2\/product_brand?post=3185"},{"taxonomy":"product_cat","embeddable":true,"href":"https:\/\/rotassaotome.com\/en\/wp-json\/wp\/v2\/product_cat?post=3185"},{"taxonomy":"product_tag","embeddable":true,"href":"https:\/\/rotassaotome.com\/en\/wp-json\/wp\/v2\/product_tag?post=3185"},{"taxonomy":"mwb_booking_cost","embeddable":true,"href":"https:\/\/rotassaotome.com\/en\/wp-json\/wp\/v2\/mwb_booking_cost?post=3185"},{"taxonomy":"mwb_booking_service","embeddable":true,"href":"https:\/\/rotassaotome.com\/en\/wp-json\/wp\/v2\/mwb_booking_service?post=3185"}],"curies":[{"name":"wp","href":"https:\/\/api.w.org\/{rel}","templated":true}]}}