{"id":3178,"date":"2026-03-19T10:37:49","date_gmt":"2026-03-19T10:37:49","guid":{"rendered":"https:\/\/rotassaotome.com\/?post_type=product&#038;p=3178"},"modified":"2026-04-05T08:48:14","modified_gmt":"2026-04-05T08:48:14","slug":"rota-do-cafe","status":"publish","type":"product","link":"https:\/\/rotassaotome.com\/en\/product\/rota-do-cafe\/","title":{"rendered":"Rota do Caf\u00e9"},"content":{"rendered":"<p data-pm-slice=\"1 1 []\">It's not just a tour \u2014 it's an immersion in the Coffee Route.<\/p>\n<p>You'll pass through coffee plantations steeped in history, discover local traditions that are still alive in everyday life, and sample the island's true cuisine in an authentic lunch.<\/p>\n<p>And just when you think you've seen it all, nature surprises you: the S\u00e3o Nicolau waterfall emerges as an almost untouched landscape.<\/p>\n<p>With expert support and all the comforts, you can enjoy the experience without worries.<\/p>","protected":false},"excerpt":{"rendered":"<h5 data-section-id=\"1dfr1x9\" data-start=\"59\" data-end=\"72\">Itinerary from 9:00 AM to 4:00 PM<\/h5>\n<p>&nbsp;<\/p>\n<ol data-start=\"74\" data-end=\"837\">\n<li data-section-id=\"o6x2ef\" data-start=\"74\" data-end=\"145\">\n<p data-start=\"77\" data-end=\"145\">Hotel transfer \u2013 9:00 AM<br data-start=\"102\" data-end=\"105\" \/>Beginning of the cultural and historical journey.<\/p>\n<\/li>\n<li data-section-id=\"vtctuk\" data-start=\"147\" data-end=\"225\">\n<p data-start=\"150\" data-end=\"225\">Church and City of Trindade<br data-start=\"177\" data-end=\"180\" \/>A visit to the city and its historical sites.<\/p>\n<\/li>\n<li data-section-id=\"1yidw0t\" data-start=\"227\" data-end=\"306\">\n<p data-start=\"230\" data-end=\"306\">Batep\u00e1 Memorial<br data-start=\"245\" data-end=\"248\" \/>Make a stop at an important cultural tourist attraction.<\/p>\n<\/li>\n<li data-section-id=\"1fdm7xs\" data-start=\"308\" data-end=\"369\">\n<p data-start=\"311\" data-end=\"369\">Ro\u00e7a Monte Caf\u00e9<br data-start=\"326\" data-end=\"329\" \/>Exploring the historic coffee farm.<\/p>\n<\/li>\n<li data-section-id=\"90uemd\" data-start=\"371\" data-end=\"425\">\n<p data-start=\"374\" data-end=\"425\">Coffee Museum<br data-start=\"387\" data-end=\"390\" \/>Discover the history of coffee on the island.<\/p>\n<\/li>\n<li data-section-id=\"1342p46\" data-start=\"427\" data-end=\"490\">\n<p data-start=\"430\" data-end=\"490\">Coffee Cooperative<br data-start=\"449\" data-end=\"452\" \/>Visit to the local production community.<\/p>\n<\/li>\n<li data-section-id=\"sze4lt\" data-start=\"492\" data-end=\"574\">\n<p data-start=\"495\" data-end=\"574\">Coffee Arts Experience<br data-start=\"523\" data-end=\"526\" \/>Tasting and demonstration of artisanal methods.<\/p>\n<\/li>\n<li data-section-id=\"ndmj27\" data-start=\"576\" data-end=\"678\">\n<p data-start=\"579\" data-end=\"678\">Lunch at Ro\u00e7a Saudade \u2013 Almada Negreiros House Museum<br data-start=\"631\" data-end=\"634\" \/>A cultural lunch at a historic house-museum.<\/p>\n<\/li>\n<li data-section-id=\"8l4nm4\" data-start=\"680\" data-end=\"748\">\n<p data-start=\"683\" data-end=\"748\">St. Nicholas Waterfall<br data-start=\"707\" data-end=\"710\" \/>Stop to appreciate the natural landscape.<\/p>\n<\/li>\n<li data-section-id=\"1ksmlqj\" data-start=\"750\" data-end=\"837\">\n<p data-start=\"754\" data-end=\"837\">Arabica and Robusta Plantation<br data-start=\"784\" data-end=\"787\" \/>Last visit to the coffee plantations of both varieties.<\/p>\n<\/li>\n<\/ol>\n<hr data-start=\"839\" data-end=\"842\" \/>\n<h5 data-section-id=\"nu1av2\" data-start=\"844\" data-end=\"855\">Included<\/h5>\n<ul data-start=\"857\" data-end=\"1054\">\n<li data-section-id=\"1rjn4ra\" data-start=\"857\" data-end=\"882\">\n<p data-start=\"859\" data-end=\"882\">Experienced local guide<\/p>\n<\/li>\n<li data-section-id=\"p6no2l\" data-start=\"883\" data-end=\"909\">\n<p data-start=\"885\" data-end=\"909\">Comfortable transport<\/p>\n<\/li>\n<li data-section-id=\"nan6wm\" data-start=\"910\" data-end=\"956\">\n<p data-start=\"912\" data-end=\"956\">Traditional lunch at a local restaurant.<\/p>\n<\/li>\n<li data-section-id=\"104d9z1\" data-start=\"957\" data-end=\"994\">\n<p data-start=\"959\" data-end=\"994\">Local support during the experience.<\/p>\n<\/li>\n<li data-section-id=\"f5uytk\" data-start=\"995\" data-end=\"1015\">\n<p data-start=\"997\" data-end=\"1015\">Water Bottles<\/p>\n<\/li>\n<li data-section-id=\"yvyqjt\" data-start=\"1016\" data-end=\"1054\">\n<p data-start=\"1018\" data-end=\"1054\">Activities described in the itinerary.<\/p>\n<\/li>\n<\/ul>\n<hr data-start=\"1056\" data-end=\"1059\" \/>\n<h5 data-section-id=\"rhmnz0\" data-start=\"1061\" data-end=\"1076\">Not included<\/h5>\n<ul data-start=\"1078\" data-end=\"1143\">\n<li data-section-id=\"s8b79w\" data-start=\"1078\" data-end=\"1100\">\n<p data-start=\"1080\" data-end=\"1100\">Alcoholic drinks<\/p>\n<\/li>\n<li data-section-id=\"su1jjg\" data-start=\"1101\" data-end=\"1121\">\n<p data-start=\"1103\" data-end=\"1121\">Tips (optional)<\/p>\n<\/li>\n<li data-section-id=\"8k32nj\" data-start=\"1122\" data-end=\"1143\">\n<p data-start=\"1124\" data-end=\"1143\">Personal expenses<\/p>\n<\/li>\n<\/ul>\n<hr data-start=\"1056\" data-end=\"1059\" \/>\n<h5 data-section-id=\"rhmnz0\" data-start=\"1061\" data-end=\"1076\">Prices per person:<\/h5>\n<ul class=\"elementor-icon-list-items\">\n<li class=\"elementor-icon-list-item\">1 person \u2014 \u20ac145<\/li>\n<li class=\"elementor-icon-list-item\">2 to 6 people \u2014 \u20ac100 per person<\/li>\n<li class=\"elementor-icon-list-item\">7 to 15 people \u2014 \u20ac89 per person<\/li>\n<\/ul>","protected":false},"featured_media":3759,"template":"","meta":{"content-type":"","site-sidebar-layout":"default","site-content-layout":"","ast-site-content-layout":"default","site-content-style":"default","site-sidebar-style":"default","ast-global-header-display":"","ast-banner-title-visibility":"","ast-main-header-display":"","ast-hfb-above-header-display":"","ast-hfb-below-header-display":"","ast-hfb-mobile-header-display":"","site-post-title":"","ast-breadcrumbs-content":"","ast-featured-img":"","footer-sml-layout":"","ast-disable-related-posts":"","theme-transparent-header-meta":"default","adv-header-id-meta":"","stick-header-meta":"","header-above-stick-meta":"","header-main-stick-meta":"","header-below-stick-meta":"","astra-migrate-meta-layouts":"set","ast-page-background-enabled":"default","ast-page-background-meta":{"desktop":{"background-color":"var(--ast-global-color-5)","background-image":"","background-repeat":"repeat","background-position":"center center","background-size":"auto","background-attachment":"scroll","background-type":"","background-media":"","overlay-type":"","overlay-color":"","overlay-opacity":"","overlay-gradient":""},"tablet":{"background-color":"","background-image":"","background-repeat":"repeat","background-position":"center center","background-size":"auto","background-attachment":"scroll","background-type":"","background-media":"","overlay-type":"","overlay-color":"","overlay-opacity":"","overlay-gradient":""},"mobile":{"background-color":"","background-image":"","background-repeat":"repeat","background-position":"center center","background-size":"auto","background-attachment":"scroll","background-type":"","background-media":"","overlay-type":"","overlay-color":"","overlay-opacity":"","overlay-gradient":""}},"ast-content-background-meta":{"desktop":{"background-color":"var(--ast-global-color-4)","background-image":"","background-repeat":"repeat","background-position":"center center","background-size":"auto","background-attachment":"scroll","background-type":"","background-media":"","overlay-type":"","overlay-color":"","overlay-opacity":"","overlay-gradient":""},"tablet":{"background-color":"var(--ast-global-color-4)","background-image":"","background-repeat":"repeat","background-position":"center center","background-size":"auto","background-attachment":"scroll","background-type":"","background-media":"","overlay-type":"","overlay-color":"","overlay-opacity":"","overlay-gradient":""},"mobile":{"background-color":"var(--ast-global-color-4)","background-image":"","background-repeat":"repeat","background-position":"center center","background-size":"auto","background-attachment":"scroll","background-type":"","background-media":"","overlay-type":"","overlay-color":"","overlay-opacity":"","overlay-gradient":""}}},"product_brand":[],"product_cat":[200,20],"product_tag":[],"mwb_booking_cost":[],"mwb_booking_service":[],"class_list":{"0":"post-3178","1":"product","2":"type-product","3":"status-publish","4":"has-post-thumbnail","6":"product_cat-booking","7":"product_cat-excursoes","8":"desktop-align-left","9":"tablet-align-left","10":"mobile-align-left","12":"first","13":"instock","14":"virtual","15":"purchasable","16":"product-type-mwb_booking"},"yoast_head":"<!-- This site is optimized with the Yoast SEO plugin v27.4 - https:\/\/yoast.com\/product\/yoast-seo-wordpress\/ -->\n<title>Rota do Caf\u00e9 -<\/title>\n<meta name=\"robots\" content=\"index, follow, max-snippet:-1, max-image-preview:large, max-video-preview:-1\" \/>\n<link rel=\"canonical\" href=\"https:\/\/rotassaotome.com\/en\/product\/rota-do-cafe\/\" \/>\n<meta property=\"og:locale\" content=\"en_GB\" \/>\n<meta property=\"og:type\" content=\"article\" \/>\n<meta property=\"og:title\" content=\"Rota do Caf\u00e9 -\" \/>\n<meta property=\"og:description\" content=\"Itiner\u00e1rio das 09:00 as 16:00 &nbsp;    Traslado do hotel \u2013 09:00In\u00edcio do percurso cultural e hist\u00f3rico.    Igreja e Cidade de TrindadeVisita \u00e0 cidade e aos seus locais hist\u00f3ricos.    Memorial Batep\u00e1Fa\u00e7a uma parada em um importante ponto tur\u00edstico cultural.    Ro\u00e7a Monte Caf\u00e9Explora\u00e7\u00e3o da hist\u00f3rica fazenda de caf\u00e9.    Museu do Caf\u00e9Conhe\u00e7a a hist\u00f3ria do caf\u00e9 na ilha.    Cooperativa de Caf\u00e9Visita \u00e0 comunidade de produ\u00e7\u00e3o local.    Experi\u00eancia em Artes do Caf\u00e9Degusta\u00e7\u00e3o e demonstra\u00e7\u00e3o de m\u00e9todos artesanais.    Almo\u00e7o na Ro\u00e7a Saudade \u2013 Casa Museu Almada NegreirosAlmo\u00e7o cultural em uma casa-museu hist\u00f3rica.    Cascata de S\u00e3o NicolauPare para apreciar a paisagem natural.    Planta\u00e7\u00e3o de Ar\u00e1bica e Robusta\u00daltima visita aos cafezais de ambas as variedades.      Inclu\u00eddo    Guia local experiente    Transporte confort\u00e1vel    Almo\u00e7o tradicional em um restaurante local    Apoio local durante a experi\u00eancia    Garrafas de \u00e1gua    Atividades descritas no itiner\u00e1rio      N\u00e3o inclu\u00eddo    Bebidas alco\u00f3licas    Dicas (opcional)    Despesas pessoais      Pre\u00e7os por pessoa:   1 pessoa \u2014 145\u20ac  2 a 6 pessoas \u2014 100\u20ac por pessoa  7 a 15 pessoas \u2014 89\u20ac por pessoa\" \/>\n<meta property=\"og:url\" content=\"https:\/\/rotassaotome.com\/en\/product\/rota-do-cafe\/\" \/>\n<meta property=\"article:publisher\" content=\"https:\/\/www.facebook.com\/profile.php?id=61575790288601\" \/>\n<meta property=\"article:modified_time\" content=\"2026-04-05T08:48:14+00:00\" \/>\n<meta property=\"og:image\" content=\"https:\/\/rotassaotome.com\/wp-content\/uploads\/2026\/03\/Rota-do-Cafe-Monte-Cafe-Turismo-em-Sao-Tome-8.jpg\" \/>\n\t<meta property=\"og:image:width\" content=\"1080\" \/>\n\t<meta property=\"og:image:height\" content=\"720\" \/>\n\t<meta property=\"og:image:type\" content=\"image\/jpeg\" \/>\n<meta name=\"twitter:card\" content=\"summary_large_image\" \/>\n<meta name=\"twitter:label1\" content=\"Estimated reading time\" \/>\n\t<meta name=\"twitter:data1\" content=\"1 minute\" \/>\n<script type=\"application\/ld+json\" class=\"yoast-schema-graph\">{\"@context\":\"https:\\\/\\\/schema.org\",\"@graph\":[{\"@type\":\"WebPage\",\"@id\":\"https:\\\/\\\/rotassaotome.com\\\/produto\\\/rota-do-cafe\\\/\",\"url\":\"https:\\\/\\\/rotassaotome.com\\\/produto\\\/rota-do-cafe\\\/\",\"name\":\"Rota do Caf\u00e9 -\",\"isPartOf\":{\"@id\":\"https:\\\/\\\/rotassaotome.com\\\/#website\"},\"primaryImageOfPage\":{\"@id\":\"https:\\\/\\\/rotassaotome.com\\\/produto\\\/rota-do-cafe\\\/#primaryimage\"},\"image\":{\"@id\":\"https:\\\/\\\/rotassaotome.com\\\/produto\\\/rota-do-cafe\\\/#primaryimage\"},\"thumbnailUrl\":\"https:\\\/\\\/rotassaotome.com\\\/wp-content\\\/uploads\\\/2026\\\/03\\\/Rota-do-Cafe-Monte-Cafe-Turismo-em-Sao-Tome-8.jpg\",\"datePublished\":\"2026-03-19T10:37:49+00:00\",\"dateModified\":\"2026-04-05T08:48:14+00:00\",\"breadcrumb\":{\"@id\":\"https:\\\/\\\/rotassaotome.com\\\/produto\\\/rota-do-cafe\\\/#breadcrumb\"},\"inLanguage\":\"en-GB\",\"potentialAction\":[{\"@type\":\"ReadAction\",\"target\":[\"https:\\\/\\\/rotassaotome.com\\\/produto\\\/rota-do-cafe\\\/\"]}]},{\"@type\":\"ImageObject\",\"inLanguage\":\"en-GB\",\"@id\":\"https:\\\/\\\/rotassaotome.com\\\/produto\\\/rota-do-cafe\\\/#primaryimage\",\"url\":\"https:\\\/\\\/rotassaotome.com\\\/wp-content\\\/uploads\\\/2026\\\/03\\\/Rota-do-Cafe-Monte-Cafe-Turismo-em-Sao-Tome-8.jpg\",\"contentUrl\":\"https:\\\/\\\/rotassaotome.com\\\/wp-content\\\/uploads\\\/2026\\\/03\\\/Rota-do-Cafe-Monte-Cafe-Turismo-em-Sao-Tome-8.jpg\",\"width\":1080,\"height\":720},{\"@type\":\"BreadcrumbList\",\"@id\":\"https:\\\/\\\/rotassaotome.com\\\/produto\\\/rota-do-cafe\\\/#breadcrumb\",\"itemListElement\":[{\"@type\":\"ListItem\",\"position\":1,\"name\":\"In\u00edcio\",\"item\":\"https:\\\/\\\/rotassaotome.com\\\/\"},{\"@type\":\"ListItem\",\"position\":2,\"name\":\"All products\",\"item\":\"https:\\\/\\\/rotassaotome.com\\\/all-products\\\/\"},{\"@type\":\"ListItem\",\"position\":3,\"name\":\"Rota do Caf\u00e9\"}]},{\"@type\":\"WebSite\",\"@id\":\"https:\\\/\\\/rotassaotome.com\\\/#website\",\"url\":\"https:\\\/\\\/rotassaotome.com\\\/\",\"name\":\"Rotas S\u00e3o Tom\u00e9\",\"description\":\"\",\"publisher\":{\"@id\":\"https:\\\/\\\/rotassaotome.com\\\/#organization\"},\"alternateName\":\"S\u00e3o Tom\u00e9 e Pr\u00edncipe\",\"potentialAction\":[{\"@type\":\"SearchAction\",\"target\":{\"@type\":\"EntryPoint\",\"urlTemplate\":\"https:\\\/\\\/rotassaotome.com\\\/?s={search_term_string}\"},\"query-input\":{\"@type\":\"PropertyValueSpecification\",\"valueRequired\":true,\"valueName\":\"search_term_string\"}}],\"inLanguage\":\"en-GB\"},{\"@type\":\"Organization\",\"@id\":\"https:\\\/\\\/rotassaotome.com\\\/#organization\",\"name\":\"Rotas S\u00e3o Tom\u00e9\",\"url\":\"https:\\\/\\\/rotassaotome.com\\\/\",\"logo\":{\"@type\":\"ImageObject\",\"inLanguage\":\"en-GB\",\"@id\":\"https:\\\/\\\/rotassaotome.com\\\/#\\\/schema\\\/logo\\\/image\\\/\",\"url\":\"https:\\\/\\\/rotassaotome.com\\\/wp-content\\\/uploads\\\/2026\\\/03\\\/cropped-Site-logo-Rotas-Sao-Tome-1.png\",\"contentUrl\":\"https:\\\/\\\/rotassaotome.com\\\/wp-content\\\/uploads\\\/2026\\\/03\\\/cropped-Site-logo-Rotas-Sao-Tome-1.png\",\"width\":512,\"height\":512,\"caption\":\"Rotas S\u00e3o Tom\u00e9\"},\"image\":{\"@id\":\"https:\\\/\\\/rotassaotome.com\\\/#\\\/schema\\\/logo\\\/image\\\/\"},\"sameAs\":[\"https:\\\/\\\/www.facebook.com\\\/profile.php?id=61575790288601\"]}]}<\/script>\n<!-- \/ Yoast SEO plugin. -->","yoast_head_json":{"title":"Rota do Caf\u00e9 -","robots":{"index":"index","follow":"follow","max-snippet":"max-snippet:-1","max-image-preview":"max-image-preview:large","max-video-preview":"max-video-preview:-1"},"canonical":"https:\/\/rotassaotome.com\/en\/product\/rota-do-cafe\/","og_locale":"en_GB","og_type":"article","og_title":"Rota do Caf\u00e9 -","og_description":"Itiner\u00e1rio das 09:00 as 16:00 &nbsp;    Traslado do hotel \u2013 09:00In\u00edcio do percurso cultural e hist\u00f3rico.    Igreja e Cidade de TrindadeVisita \u00e0 cidade e aos seus locais hist\u00f3ricos.    Memorial Batep\u00e1Fa\u00e7a uma parada em um importante ponto tur\u00edstico cultural.    Ro\u00e7a Monte Caf\u00e9Explora\u00e7\u00e3o da hist\u00f3rica fazenda de caf\u00e9.    Museu do Caf\u00e9Conhe\u00e7a a hist\u00f3ria do caf\u00e9 na ilha.    Cooperativa de Caf\u00e9Visita \u00e0 comunidade de produ\u00e7\u00e3o local.    Experi\u00eancia em Artes do Caf\u00e9Degusta\u00e7\u00e3o e demonstra\u00e7\u00e3o de m\u00e9todos artesanais.    Almo\u00e7o na Ro\u00e7a Saudade \u2013 Casa Museu Almada NegreirosAlmo\u00e7o cultural em uma casa-museu hist\u00f3rica.    Cascata de S\u00e3o NicolauPare para apreciar a paisagem natural.    Planta\u00e7\u00e3o de Ar\u00e1bica e Robusta\u00daltima visita aos cafezais de ambas as variedades.      Inclu\u00eddo    Guia local experiente    Transporte confort\u00e1vel    Almo\u00e7o tradicional em um restaurante local    Apoio local durante a experi\u00eancia    Garrafas de \u00e1gua    Atividades descritas no itiner\u00e1rio      N\u00e3o inclu\u00eddo    Bebidas alco\u00f3licas    Dicas (opcional)    Despesas pessoais      Pre\u00e7os por pessoa:   1 pessoa \u2014 145\u20ac  2 a 6 pessoas \u2014 100\u20ac por pessoa  7 a 15 pessoas \u2014 89\u20ac por pessoa","og_url":"https:\/\/rotassaotome.com\/en\/product\/rota-do-cafe\/","article_publisher":"https:\/\/www.facebook.com\/profile.php?id=61575790288601","article_modified_time":"2026-04-05T08:48:14+00:00","og_image":[{"width":1080,"height":720,"url":"https:\/\/rotassaotome.com\/wp-content\/uploads\/2026\/03\/Rota-do-Cafe-Monte-Cafe-Turismo-em-Sao-Tome-8.jpg","type":"image\/jpeg"}],"twitter_card":"summary_large_image","twitter_misc":{"Estimated reading time":"1 minute"},"schema":{"@context":"https:\/\/schema.org","@graph":[{"@type":"WebPage","@id":"https:\/\/rotassaotome.com\/produto\/rota-do-cafe\/","url":"https:\/\/rotassaotome.com\/produto\/rota-do-cafe\/","name":"Rota do Caf\u00e9 -","isPartOf":{"@id":"https:\/\/rotassaotome.com\/#website"},"primaryImageOfPage":{"@id":"https:\/\/rotassaotome.com\/produto\/rota-do-cafe\/#primaryimage"},"image":{"@id":"https:\/\/rotassaotome.com\/produto\/rota-do-cafe\/#primaryimage"},"thumbnailUrl":"https:\/\/rotassaotome.com\/wp-content\/uploads\/2026\/03\/Rota-do-Cafe-Monte-Cafe-Turismo-em-Sao-Tome-8.jpg","datePublished":"2026-03-19T10:37:49+00:00","dateModified":"2026-04-05T08:48:14+00:00","breadcrumb":{"@id":"https:\/\/rotassaotome.com\/produto\/rota-do-cafe\/#breadcrumb"},"inLanguage":"en-GB","potentialAction":[{"@type":"ReadAction","target":["https:\/\/rotassaotome.com\/produto\/rota-do-cafe\/"]}]},{"@type":"ImageObject","inLanguage":"en-GB","@id":"https:\/\/rotassaotome.com\/produto\/rota-do-cafe\/#primaryimage","url":"https:\/\/rotassaotome.com\/wp-content\/uploads\/2026\/03\/Rota-do-Cafe-Monte-Cafe-Turismo-em-Sao-Tome-8.jpg","contentUrl":"https:\/\/rotassaotome.com\/wp-content\/uploads\/2026\/03\/Rota-do-Cafe-Monte-Cafe-Turismo-em-Sao-Tome-8.jpg","width":1080,"height":720},{"@type":"BreadcrumbList","@id":"https:\/\/rotassaotome.com\/produto\/rota-do-cafe\/#breadcrumb","itemListElement":[{"@type":"ListItem","position":1,"name":"In\u00edcio","item":"https:\/\/rotassaotome.com\/"},{"@type":"ListItem","position":2,"name":"All products","item":"https:\/\/rotassaotome.com\/all-products\/"},{"@type":"ListItem","position":3,"name":"Rota do Caf\u00e9"}]},{"@type":"WebSite","@id":"https:\/\/rotassaotome.com\/#website","url":"https:\/\/rotassaotome.com\/","name":"Rotas S\u00e3o Tom\u00e9","description":"","publisher":{"@id":"https:\/\/rotassaotome.com\/#organization"},"alternateName":"S\u00e3o Tom\u00e9 e Pr\u00edncipe","potentialAction":[{"@type":"SearchAction","target":{"@type":"EntryPoint","urlTemplate":"https:\/\/rotassaotome.com\/?s={search_term_string}"},"query-input":{"@type":"PropertyValueSpecification","valueRequired":true,"valueName":"search_term_string"}}],"inLanguage":"en-GB"},{"@type":"Organization","@id":"https:\/\/rotassaotome.com\/#organization","name":"Rotas S\u00e3o Tom\u00e9","url":"https:\/\/rotassaotome.com\/","logo":{"@type":"ImageObject","inLanguage":"en-GB","@id":"https:\/\/rotassaotome.com\/#\/schema\/logo\/image\/","url":"https:\/\/rotassaotome.com\/wp-content\/uploads\/2026\/03\/cropped-Site-logo-Rotas-Sao-Tome-1.png","contentUrl":"https:\/\/rotassaotome.com\/wp-content\/uploads\/2026\/03\/cropped-Site-logo-Rotas-Sao-Tome-1.png","width":512,"height":512,"caption":"Rotas S\u00e3o Tom\u00e9"},"image":{"@id":"https:\/\/rotassaotome.com\/#\/schema\/logo\/image\/"},"sameAs":["https:\/\/www.facebook.com\/profile.php?id=61575790288601"]}]}},"_links":{"self":[{"href":"https:\/\/rotassaotome.com\/en\/wp-json\/wp\/v2\/product\/3178","targetHints":{"allow":["GET"]}}],"collection":[{"href":"https:\/\/rotassaotome.com\/en\/wp-json\/wp\/v2\/product"}],"about":[{"href":"https:\/\/rotassaotome.com\/en\/wp-json\/wp\/v2\/types\/product"}],"wp:featuredmedia":[{"embeddable":true,"href":"https:\/\/rotassaotome.com\/en\/wp-json\/wp\/v2\/media\/3759"}],"wp:attachment":[{"href":"https:\/\/rotassaotome.com\/en\/wp-json\/wp\/v2\/media?parent=3178"}],"wp:term":[{"taxonomy":"product_brand","embeddable":true,"href":"https:\/\/rotassaotome.com\/en\/wp-json\/wp\/v2\/product_brand?post=3178"},{"taxonomy":"product_cat","embeddable":true,"href":"https:\/\/rotassaotome.com\/en\/wp-json\/wp\/v2\/product_cat?post=3178"},{"taxonomy":"product_tag","embeddable":true,"href":"https:\/\/rotassaotome.com\/en\/wp-json\/wp\/v2\/product_tag?post=3178"},{"taxonomy":"mwb_booking_cost","embeddable":true,"href":"https:\/\/rotassaotome.com\/en\/wp-json\/wp\/v2\/mwb_booking_cost?post=3178"},{"taxonomy":"mwb_booking_service","embeddable":true,"href":"https:\/\/rotassaotome.com\/en\/wp-json\/wp\/v2\/mwb_booking_service?post=3178"}],"curies":[{"name":"wp","href":"https:\/\/api.w.org\/{rel}","templated":true}]}}