{"id":3156,"date":"2026-03-18T22:01:48","date_gmt":"2026-03-18T22:01:48","guid":{"rendered":"https:\/\/rotassaotome.com\/?post_type=product&#038;p=3156"},"modified":"2026-04-03T10:55:16","modified_gmt":"2026-04-03T10:55:16","slug":"ilheu-da-rolas","status":"publish","type":"product","link":"https:\/\/rotassaotome.com\/en\/product\/ilheu-da-rolas\/","title":{"rendered":"Ilh\u00e9u da Rolas"},"content":{"rendered":"<p data-pm-slice=\"1 1 []\"><span dir=\"auto\" style=\"vertical-align: inherit;\"><span dir=\"auto\" style=\"vertical-align: inherit;\">One of the few places in the world where you can cross the Equator on foot\u2026 and, minutes later, be alone on a virtually untouched beach.<\/span><\/span><\/p>\n<p data-pm-slice=\"1 1 []\">On Ilh\u00e9u das Rolas, everything slows down: you can only get there by boat, time slows down, and silence replaces the fast pace of everyday life.<\/p>\n<p>More than an experience, it's a true way to disconnect, ideal for those who need to break from routine, recharge their energy, and experience something few get to try.<\/p>","protected":false},"excerpt":{"rendered":"<h5 data-section-id=\"zidazi\" data-start=\"31\" data-end=\"45\">Itinerary from 8:00 AM to 5:00 PM<\/h5>\n<p>&nbsp;<\/p>\n<ol data-start=\"47\" data-end=\"438\">\n<li data-section-id=\"v40br8\" data-start=\"47\" data-end=\"121\">\n<p data-start=\"50\" data-end=\"121\">Hotel pickup \u2013 from 8:00 AM\u00a0<br data-start=\"75\" data-end=\"78\" \/>Journey towards the southern boarding point.<\/p>\n<\/li>\n<li data-section-id=\"iq3qdg\" data-start=\"123\" data-end=\"196\">\n<p data-start=\"126\" data-end=\"196\">Boat from Porto Alegre or Inhame Beach<br data-start=\"163\" data-end=\"166\" \/>Crossing to Ilh\u00e9u das Rolas.<\/p>\n<\/li>\n<li data-section-id=\"v1rtsj\" data-start=\"198\" data-end=\"280\">\n<p data-start=\"201\" data-end=\"280\">Xinha Bay and Bataria Beach<br data-start=\"227\" data-end=\"230\" \/>An unforgettable boat trip along secluded beaches.<\/p>\n<\/li>\n<li data-section-id=\"13qkhk2\" data-start=\"282\" data-end=\"372\">\n<p data-start=\"285\" data-end=\"372\">Walk to the Equator Marker<br data-start=\"319\" data-end=\"322\" \/>Walk to the monument that divides the hemispheres.<\/p>\n<\/li>\n<li data-section-id=\"1mp5xuj\" data-start=\"374\" data-end=\"438\">\n<p data-start=\"377\" data-end=\"438\">Beach Coffee and Lunch<br data-start=\"399\" data-end=\"402\" \/>Time at the beach and a local meal.<\/p>\n<\/li>\n<\/ol>\n<hr data-start=\"440\" data-end=\"443\" \/>\n<h5 data-section-id=\"v6h7vh\" data-start=\"445\" data-end=\"457\">Included<\/h5>\n<ul data-start=\"459\" data-end=\"656\">\n<li data-section-id=\"1rjn4ra\" data-start=\"459\" data-end=\"484\">\n<p data-start=\"461\" data-end=\"484\">Experienced local guide<\/p>\n<\/li>\n<li data-section-id=\"p6no2l\" data-start=\"485\" data-end=\"511\">\n<p data-start=\"487\" data-end=\"511\">Comfortable transport<\/p>\n<\/li>\n<li data-section-id=\"nan6wm\" data-start=\"512\" data-end=\"558\">\n<p data-start=\"514\" data-end=\"558\">Traditional lunch at a local restaurant.<\/p>\n<\/li>\n<li data-section-id=\"104d9z1\" data-start=\"559\" data-end=\"596\">\n<p data-start=\"561\" data-end=\"596\">Local support during the experience.<\/p>\n<\/li>\n<li data-section-id=\"f5uytk\" data-start=\"597\" data-end=\"617\">\n<p data-start=\"599\" data-end=\"617\">Water Bottles<\/p>\n<\/li>\n<li data-section-id=\"yvyqjt\" data-start=\"618\" data-end=\"656\">\n<p data-start=\"620\" data-end=\"656\">Activities described in the itinerary.<\/p>\n<\/li>\n<\/ul>\n<hr data-start=\"658\" data-end=\"661\" \/>\n<h5 data-section-id=\"12lhixr\" data-start=\"663\" data-end=\"679\">Not Included<\/h5>\n<ul data-start=\"681\" data-end=\"746\">\n<li data-section-id=\"s8b79w\" data-start=\"681\" data-end=\"703\">\n<p data-start=\"683\" data-end=\"703\">Alcoholic drinks<\/p>\n<\/li>\n<li data-section-id=\"su1jjg\" data-start=\"704\" data-end=\"724\">\n<p data-start=\"706\" data-end=\"724\">Tips (optional)<\/p>\n<\/li>\n<li data-section-id=\"8k32nj\" data-start=\"725\" data-end=\"746\">\n<p data-start=\"727\" data-end=\"746\">Personal expenses<\/p>\n<\/li>\n<\/ul>\n<hr data-start=\"658\" data-end=\"661\" \/>\n<h5 data-section-id=\"12lhixr\" data-start=\"663\" data-end=\"679\">Prices per person:<\/h5>\n<ul class=\"elementor-icon-list-items\">\n<li class=\"elementor-icon-list-item\">1 pessoa \u2014 170\u20ac<\/li>\n<li class=\"elementor-icon-list-item\">2 a 6 pessoas \u2014 120\u20ac por pessoa<\/li>\n<li class=\"elementor-icon-list-item\">7 a 15 pessoas \u2014 104\u20ac por pessoa<\/li>\n<\/ul>","protected":false},"featured_media":3159,"template":"","meta":{"content-type":"","site-sidebar-layout":"default","site-content-layout":"","ast-site-content-layout":"default","site-content-style":"default","site-sidebar-style":"default","ast-global-header-display":"","ast-banner-title-visibility":"","ast-main-header-display":"","ast-hfb-above-header-display":"","ast-hfb-below-header-display":"","ast-hfb-mobile-header-display":"","site-post-title":"","ast-breadcrumbs-content":"","ast-featured-img":"","footer-sml-layout":"","ast-disable-related-posts":"","theme-transparent-header-meta":"default","adv-header-id-meta":"","stick-header-meta":"","header-above-stick-meta":"","header-main-stick-meta":"","header-below-stick-meta":"","astra-migrate-meta-layouts":"set","ast-page-background-enabled":"default","ast-page-background-meta":{"desktop":{"background-color":"var(--ast-global-color-5)","background-image":"","background-repeat":"repeat","background-position":"center center","background-size":"auto","background-attachment":"scroll","background-type":"","background-media":"","overlay-type":"","overlay-color":"","overlay-opacity":"","overlay-gradient":""},"tablet":{"background-color":"","background-image":"","background-repeat":"repeat","background-position":"center center","background-size":"auto","background-attachment":"scroll","background-type":"","background-media":"","overlay-type":"","overlay-color":"","overlay-opacity":"","overlay-gradient":""},"mobile":{"background-color":"","background-image":"","background-repeat":"repeat","background-position":"center center","background-size":"auto","background-attachment":"scroll","background-type":"","background-media":"","overlay-type":"","overlay-color":"","overlay-opacity":"","overlay-gradient":""}},"ast-content-background-meta":{"desktop":{"background-color":"var(--ast-global-color-4)","background-image":"","background-repeat":"repeat","background-position":"center center","background-size":"auto","background-attachment":"scroll","background-type":"","background-media":"","overlay-type":"","overlay-color":"","overlay-opacity":"","overlay-gradient":""},"tablet":{"background-color":"var(--ast-global-color-4)","background-image":"","background-repeat":"repeat","background-position":"center center","background-size":"auto","background-attachment":"scroll","background-type":"","background-media":"","overlay-type":"","overlay-color":"","overlay-opacity":"","overlay-gradient":""},"mobile":{"background-color":"var(--ast-global-color-4)","background-image":"","background-repeat":"repeat","background-position":"center center","background-size":"auto","background-attachment":"scroll","background-type":"","background-media":"","overlay-type":"","overlay-color":"","overlay-opacity":"","overlay-gradient":""}}},"product_brand":[],"product_cat":[200,20],"product_tag":[],"mwb_booking_cost":[],"mwb_booking_service":[],"class_list":{"0":"post-3156","1":"product","2":"type-product","3":"status-publish","4":"has-post-thumbnail","6":"product_cat-booking","7":"product_cat-excursoes","8":"desktop-align-left","9":"tablet-align-left","10":"mobile-align-left","12":"first","13":"instock","14":"virtual","15":"purchasable","16":"product-type-mwb_booking"},"yoast_head":"<!-- This site is optimized with the Yoast SEO plugin v27.4 - https:\/\/yoast.com\/product\/yoast-seo-wordpress\/ -->\n<title>Ilh\u00e9u da Rolas -<\/title>\n<meta name=\"robots\" content=\"index, follow, max-snippet:-1, max-image-preview:large, max-video-preview:-1\" \/>\n<link rel=\"canonical\" href=\"https:\/\/rotassaotome.com\/en\/product\/ilheu-da-rolas\/\" \/>\n<meta property=\"og:locale\" content=\"en_GB\" \/>\n<meta property=\"og:type\" content=\"article\" \/>\n<meta property=\"og:title\" content=\"Ilh\u00e9u da Rolas -\" \/>\n<meta property=\"og:description\" content=\"Itiner\u00e1rio das 08:00 as 17:00 &nbsp;    Retirada no hotel \u2013 das 08: 00\u00a0Viagem em dire\u00e7\u00e3o ao ponto de embarque sul.    Barco de Porto Alegre ou Praia InhameCruzando para Ilh\u00e9u das Rolas.    Ba\u00eda Xinha e Praia BatariaPasseio de barco inesquec\u00edvel por praias isoladas.    Caminhar at\u00e9 o Marcador do EquadorCaminhe at\u00e9 o monumento que divide os hemisf\u00e9rios.    Caf\u00e9 e Almo\u00e7o da PraiaTempo na praia e uma refei\u00e7\u00e3o local.      Inclu\u00eddo    Guia local experiente    Transporte confort\u00e1vel    Almo\u00e7o tradicional em um restaurante local    Apoio local durante a experi\u00eancia    Garrafas de \u00e1gua    Atividades descritas no itiner\u00e1rio      N\u00e3o Inclu\u00eddo    Bebidas alco\u00f3licas    Dicas (opcional)    Despesas pessoais      Pre\u00e7os por pessoa:   1 pessoa \u2014 170\u20ac  2 a 6 pessoas \u2014 120\u20ac por pessoa  7 a 15 pessoas \u2014 104\u20ac por pessoa\" \/>\n<meta property=\"og:url\" content=\"https:\/\/rotassaotome.com\/en\/product\/ilheu-da-rolas\/\" \/>\n<meta property=\"article:publisher\" content=\"https:\/\/www.facebook.com\/profile.php?id=61575790288601\" \/>\n<meta property=\"article:modified_time\" content=\"2026-04-03T10:55:16+00:00\" \/>\n<meta property=\"og:image\" content=\"https:\/\/rotassaotome.com\/wp-content\/uploads\/2026\/03\/Ilheu-das-Rolas-Roras-sao-Tome-4.png\" \/>\n\t<meta property=\"og:image:width\" content=\"1080\" \/>\n\t<meta property=\"og:image:height\" content=\"1440\" \/>\n\t<meta property=\"og:image:type\" content=\"image\/png\" \/>\n<meta name=\"twitter:card\" content=\"summary_large_image\" \/>\n<meta name=\"twitter:label1\" content=\"Estimated reading time\" \/>\n\t<meta name=\"twitter:data1\" content=\"1 minute\" \/>\n<script type=\"application\/ld+json\" class=\"yoast-schema-graph\">{\"@context\":\"https:\\\/\\\/schema.org\",\"@graph\":[{\"@type\":\"WebPage\",\"@id\":\"https:\\\/\\\/rotassaotome.com\\\/produto\\\/ilheu-da-rolas\\\/\",\"url\":\"https:\\\/\\\/rotassaotome.com\\\/produto\\\/ilheu-da-rolas\\\/\",\"name\":\"Ilh\u00e9u da Rolas -\",\"isPartOf\":{\"@id\":\"https:\\\/\\\/rotassaotome.com\\\/#website\"},\"primaryImageOfPage\":{\"@id\":\"https:\\\/\\\/rotassaotome.com\\\/produto\\\/ilheu-da-rolas\\\/#primaryimage\"},\"image\":{\"@id\":\"https:\\\/\\\/rotassaotome.com\\\/produto\\\/ilheu-da-rolas\\\/#primaryimage\"},\"thumbnailUrl\":\"https:\\\/\\\/rotassaotome.com\\\/wp-content\\\/uploads\\\/2026\\\/03\\\/Ilheu-das-Rolas-Roras-sao-Tome-4.png\",\"datePublished\":\"2026-03-18T22:01:48+00:00\",\"dateModified\":\"2026-04-03T10:55:16+00:00\",\"breadcrumb\":{\"@id\":\"https:\\\/\\\/rotassaotome.com\\\/produto\\\/ilheu-da-rolas\\\/#breadcrumb\"},\"inLanguage\":\"en-GB\",\"potentialAction\":[{\"@type\":\"ReadAction\",\"target\":[\"https:\\\/\\\/rotassaotome.com\\\/produto\\\/ilheu-da-rolas\\\/\"]}]},{\"@type\":\"ImageObject\",\"inLanguage\":\"en-GB\",\"@id\":\"https:\\\/\\\/rotassaotome.com\\\/produto\\\/ilheu-da-rolas\\\/#primaryimage\",\"url\":\"https:\\\/\\\/rotassaotome.com\\\/wp-content\\\/uploads\\\/2026\\\/03\\\/Ilheu-das-Rolas-Roras-sao-Tome-4.png\",\"contentUrl\":\"https:\\\/\\\/rotassaotome.com\\\/wp-content\\\/uploads\\\/2026\\\/03\\\/Ilheu-das-Rolas-Roras-sao-Tome-4.png\",\"width\":1080,\"height\":1440},{\"@type\":\"BreadcrumbList\",\"@id\":\"https:\\\/\\\/rotassaotome.com\\\/produto\\\/ilheu-da-rolas\\\/#breadcrumb\",\"itemListElement\":[{\"@type\":\"ListItem\",\"position\":1,\"name\":\"In\u00edcio\",\"item\":\"https:\\\/\\\/rotassaotome.com\\\/\"},{\"@type\":\"ListItem\",\"position\":2,\"name\":\"All products\",\"item\":\"https:\\\/\\\/rotassaotome.com\\\/all-products\\\/\"},{\"@type\":\"ListItem\",\"position\":3,\"name\":\"Ilh\u00e9u da Rolas\"}]},{\"@type\":\"WebSite\",\"@id\":\"https:\\\/\\\/rotassaotome.com\\\/#website\",\"url\":\"https:\\\/\\\/rotassaotome.com\\\/\",\"name\":\"Rotas S\u00e3o Tom\u00e9\",\"description\":\"\",\"publisher\":{\"@id\":\"https:\\\/\\\/rotassaotome.com\\\/#organization\"},\"alternateName\":\"S\u00e3o Tom\u00e9 e Pr\u00edncipe\",\"potentialAction\":[{\"@type\":\"SearchAction\",\"target\":{\"@type\":\"EntryPoint\",\"urlTemplate\":\"https:\\\/\\\/rotassaotome.com\\\/?s={search_term_string}\"},\"query-input\":{\"@type\":\"PropertyValueSpecification\",\"valueRequired\":true,\"valueName\":\"search_term_string\"}}],\"inLanguage\":\"en-GB\"},{\"@type\":\"Organization\",\"@id\":\"https:\\\/\\\/rotassaotome.com\\\/#organization\",\"name\":\"Rotas S\u00e3o Tom\u00e9\",\"url\":\"https:\\\/\\\/rotassaotome.com\\\/\",\"logo\":{\"@type\":\"ImageObject\",\"inLanguage\":\"en-GB\",\"@id\":\"https:\\\/\\\/rotassaotome.com\\\/#\\\/schema\\\/logo\\\/image\\\/\",\"url\":\"https:\\\/\\\/rotassaotome.com\\\/wp-content\\\/uploads\\\/2026\\\/03\\\/cropped-Site-logo-Rotas-Sao-Tome-1.png\",\"contentUrl\":\"https:\\\/\\\/rotassaotome.com\\\/wp-content\\\/uploads\\\/2026\\\/03\\\/cropped-Site-logo-Rotas-Sao-Tome-1.png\",\"width\":512,\"height\":512,\"caption\":\"Rotas S\u00e3o Tom\u00e9\"},\"image\":{\"@id\":\"https:\\\/\\\/rotassaotome.com\\\/#\\\/schema\\\/logo\\\/image\\\/\"},\"sameAs\":[\"https:\\\/\\\/www.facebook.com\\\/profile.php?id=61575790288601\"]}]}<\/script>\n<!-- \/ Yoast SEO plugin. -->","yoast_head_json":{"title":"Ilh\u00e9u da Rolas -","robots":{"index":"index","follow":"follow","max-snippet":"max-snippet:-1","max-image-preview":"max-image-preview:large","max-video-preview":"max-video-preview:-1"},"canonical":"https:\/\/rotassaotome.com\/en\/product\/ilheu-da-rolas\/","og_locale":"en_GB","og_type":"article","og_title":"Ilh\u00e9u da Rolas -","og_description":"Itiner\u00e1rio das 08:00 as 17:00 &nbsp;    Retirada no hotel \u2013 das 08: 00\u00a0Viagem em dire\u00e7\u00e3o ao ponto de embarque sul.    Barco de Porto Alegre ou Praia InhameCruzando para Ilh\u00e9u das Rolas.    Ba\u00eda Xinha e Praia BatariaPasseio de barco inesquec\u00edvel por praias isoladas.    Caminhar at\u00e9 o Marcador do EquadorCaminhe at\u00e9 o monumento que divide os hemisf\u00e9rios.    Caf\u00e9 e Almo\u00e7o da PraiaTempo na praia e uma refei\u00e7\u00e3o local.      Inclu\u00eddo    Guia local experiente    Transporte confort\u00e1vel    Almo\u00e7o tradicional em um restaurante local    Apoio local durante a experi\u00eancia    Garrafas de \u00e1gua    Atividades descritas no itiner\u00e1rio      N\u00e3o Inclu\u00eddo    Bebidas alco\u00f3licas    Dicas (opcional)    Despesas pessoais      Pre\u00e7os por pessoa:   1 pessoa \u2014 170\u20ac  2 a 6 pessoas \u2014 120\u20ac por pessoa  7 a 15 pessoas \u2014 104\u20ac por pessoa","og_url":"https:\/\/rotassaotome.com\/en\/product\/ilheu-da-rolas\/","article_publisher":"https:\/\/www.facebook.com\/profile.php?id=61575790288601","article_modified_time":"2026-04-03T10:55:16+00:00","og_image":[{"width":1080,"height":1440,"url":"https:\/\/rotassaotome.com\/wp-content\/uploads\/2026\/03\/Ilheu-das-Rolas-Roras-sao-Tome-4.png","type":"image\/png"}],"twitter_card":"summary_large_image","twitter_misc":{"Estimated reading time":"1 minute"},"schema":{"@context":"https:\/\/schema.org","@graph":[{"@type":"WebPage","@id":"https:\/\/rotassaotome.com\/produto\/ilheu-da-rolas\/","url":"https:\/\/rotassaotome.com\/produto\/ilheu-da-rolas\/","name":"Ilh\u00e9u da Rolas -","isPartOf":{"@id":"https:\/\/rotassaotome.com\/#website"},"primaryImageOfPage":{"@id":"https:\/\/rotassaotome.com\/produto\/ilheu-da-rolas\/#primaryimage"},"image":{"@id":"https:\/\/rotassaotome.com\/produto\/ilheu-da-rolas\/#primaryimage"},"thumbnailUrl":"https:\/\/rotassaotome.com\/wp-content\/uploads\/2026\/03\/Ilheu-das-Rolas-Roras-sao-Tome-4.png","datePublished":"2026-03-18T22:01:48+00:00","dateModified":"2026-04-03T10:55:16+00:00","breadcrumb":{"@id":"https:\/\/rotassaotome.com\/produto\/ilheu-da-rolas\/#breadcrumb"},"inLanguage":"en-GB","potentialAction":[{"@type":"ReadAction","target":["https:\/\/rotassaotome.com\/produto\/ilheu-da-rolas\/"]}]},{"@type":"ImageObject","inLanguage":"en-GB","@id":"https:\/\/rotassaotome.com\/produto\/ilheu-da-rolas\/#primaryimage","url":"https:\/\/rotassaotome.com\/wp-content\/uploads\/2026\/03\/Ilheu-das-Rolas-Roras-sao-Tome-4.png","contentUrl":"https:\/\/rotassaotome.com\/wp-content\/uploads\/2026\/03\/Ilheu-das-Rolas-Roras-sao-Tome-4.png","width":1080,"height":1440},{"@type":"BreadcrumbList","@id":"https:\/\/rotassaotome.com\/produto\/ilheu-da-rolas\/#breadcrumb","itemListElement":[{"@type":"ListItem","position":1,"name":"In\u00edcio","item":"https:\/\/rotassaotome.com\/"},{"@type":"ListItem","position":2,"name":"All products","item":"https:\/\/rotassaotome.com\/all-products\/"},{"@type":"ListItem","position":3,"name":"Ilh\u00e9u da Rolas"}]},{"@type":"WebSite","@id":"https:\/\/rotassaotome.com\/#website","url":"https:\/\/rotassaotome.com\/","name":"Rotas S\u00e3o Tom\u00e9","description":"","publisher":{"@id":"https:\/\/rotassaotome.com\/#organization"},"alternateName":"S\u00e3o Tom\u00e9 e Pr\u00edncipe","potentialAction":[{"@type":"SearchAction","target":{"@type":"EntryPoint","urlTemplate":"https:\/\/rotassaotome.com\/?s={search_term_string}"},"query-input":{"@type":"PropertyValueSpecification","valueRequired":true,"valueName":"search_term_string"}}],"inLanguage":"en-GB"},{"@type":"Organization","@id":"https:\/\/rotassaotome.com\/#organization","name":"Rotas S\u00e3o Tom\u00e9","url":"https:\/\/rotassaotome.com\/","logo":{"@type":"ImageObject","inLanguage":"en-GB","@id":"https:\/\/rotassaotome.com\/#\/schema\/logo\/image\/","url":"https:\/\/rotassaotome.com\/wp-content\/uploads\/2026\/03\/cropped-Site-logo-Rotas-Sao-Tome-1.png","contentUrl":"https:\/\/rotassaotome.com\/wp-content\/uploads\/2026\/03\/cropped-Site-logo-Rotas-Sao-Tome-1.png","width":512,"height":512,"caption":"Rotas S\u00e3o Tom\u00e9"},"image":{"@id":"https:\/\/rotassaotome.com\/#\/schema\/logo\/image\/"},"sameAs":["https:\/\/www.facebook.com\/profile.php?id=61575790288601"]}]}},"_links":{"self":[{"href":"https:\/\/rotassaotome.com\/en\/wp-json\/wp\/v2\/product\/3156","targetHints":{"allow":["GET"]}}],"collection":[{"href":"https:\/\/rotassaotome.com\/en\/wp-json\/wp\/v2\/product"}],"about":[{"href":"https:\/\/rotassaotome.com\/en\/wp-json\/wp\/v2\/types\/product"}],"wp:featuredmedia":[{"embeddable":true,"href":"https:\/\/rotassaotome.com\/en\/wp-json\/wp\/v2\/media\/3159"}],"wp:attachment":[{"href":"https:\/\/rotassaotome.com\/en\/wp-json\/wp\/v2\/media?parent=3156"}],"wp:term":[{"taxonomy":"product_brand","embeddable":true,"href":"https:\/\/rotassaotome.com\/en\/wp-json\/wp\/v2\/product_brand?post=3156"},{"taxonomy":"product_cat","embeddable":true,"href":"https:\/\/rotassaotome.com\/en\/wp-json\/wp\/v2\/product_cat?post=3156"},{"taxonomy":"product_tag","embeddable":true,"href":"https:\/\/rotassaotome.com\/en\/wp-json\/wp\/v2\/product_tag?post=3156"},{"taxonomy":"mwb_booking_cost","embeddable":true,"href":"https:\/\/rotassaotome.com\/en\/wp-json\/wp\/v2\/mwb_booking_cost?post=3156"},{"taxonomy":"mwb_booking_service","embeddable":true,"href":"https:\/\/rotassaotome.com\/en\/wp-json\/wp\/v2\/mwb_booking_service?post=3156"}],"curies":[{"name":"wp","href":"https:\/\/api.w.org\/{rel}","templated":true}]}}